{"id":1699,"date":"2022-07-07T10:15:07","date_gmt":"2022-07-07T10:15:07","guid":{"rendered":"https:\/\/demo.ovatheme.com\/tripgo\/?post_type=product&#038;p=1699"},"modified":"2022-12-19T10:57:02","modified_gmt":"2022-12-19T10:57:02","slug":"istanbul-cappadocia-antalya-program-by-flight","status":"publish","type":"product","link":"https:\/\/stargatetravel.it\/it\/product\/istanbul-cappadocia-antalya-program-by-flight\/","title":{"rendered":"Programma Istanbul &amp; Cappadocia &amp; Antalya con volo - 9 giorni 8 notti"},"content":{"rendered":"<h2>Panoramica<\/h2>\n<p>Per pi\u00f9 di un millennio, la Turchia \u00e8 stata al crocevia della civilt\u00e0, un crogiolo di tradizioni orientali e occidentali e un luogo dove le fedi convergono. La Turchia \u00e8 una delle destinazioni turistiche pi\u00f9 popolari al mondo. La Turchia \u00e8 un Paese vasto e variegato, che vanta paesaggi incredibili e meraviglie naturali delimitate da quattro mari diversi. La Turchia \u00e8 un Paese per tutti i gusti, ha molto da offrire ai suoi visitatori: rilassanti vacanze al mare, attivit\u00e0 sportive, una vasta gamma di esperienze di shopping, centri per viaggi congressuali, e offre anche alcuni dei pi\u00f9 importanti monumenti antichi del mondo, l'accogliente ospitalit\u00e0 turca e una deliziosa e varia cucina nazionale.<\/p>\n<p>Destinazioni principali:<br \/>\nIstanbul, Cappadocia e Antalya.<\/p>\n<p class=\"p1\"><b>Tariffa:<span class=\"Apple-converted-space\">\u00a0 <\/span>3<\/b><span class=\"s1\"><b>*<\/b><\/span><b> <span class=\"Apple-converted-space\">\u00a0 <\/span>630<span class=\"Apple-converted-space\">\u00a0 <\/span>Euro Hotel<span class=\"Apple-converted-space\">\u00a0 <\/span>Per persona<\/b><\/p>\n<p class=\"p1\"><b>\u00a0 \u00a0 \u00a0 \u00a0 \u00a0 \u00a0 4<\/b><span class=\"s1\"><b>*<\/b><\/span><b> <span class=\"Apple-converted-space\">\u00a0 <\/span>860<span class=\"Apple-converted-space\">\u00a0 <\/span>Euro Hotel<span class=\"Apple-converted-space\">\u00a0 <\/span>Per persona<\/b><\/p>\n<p class=\"p1\"><b><span class=\"Apple-converted-space\">\u00a0 \u00a0 \u00a0 \u00a0 \u00a0 \u00a0 <\/span>5<\/b><span class=\"s1\"><b>* <span class=\"Apple-converted-space\">\u00a0<\/span><\/b><\/span><b> 1020<span class=\"Apple-converted-space\">\u00a0 <\/span>Euro Hotel<span class=\"Apple-converted-space\">\u00a0 <\/span>Per persona<\/b><\/p>","protected":false},"excerpt":{"rendered":"<p>Per pi\u00f9 di un millennio, la Turchia \u00e8 stata al crocevia della civilt\u00e0, un crogiolo di tradizioni orientali e occidentali e un luogo dove le fedi convergono.<\/p>","protected":false},"featured_media":4973,"comment_status":"open","ping_status":"closed","template":"","meta":[],"product_cat":[36,28,38,39],"product_tag":[],"class_list":["post-1699","product","type-product","status-publish","has-post-thumbnail","hentry","product_cat-exclusive-packages","product_cat-christmas-packages","product_cat-women-packages","product_cat-gastronomy-food-adventures"],"aioseo_notices":[],"_links":{"self":[{"href":"https:\/\/stargatetravel.it\/it\/wp-json\/wp\/v2\/product\/1699","targetHints":{"allow":["GET"]}}],"collection":[{"href":"https:\/\/stargatetravel.it\/it\/wp-json\/wp\/v2\/product"}],"about":[{"href":"https:\/\/stargatetravel.it\/it\/wp-json\/wp\/v2\/types\/product"}],"replies":[{"embeddable":true,"href":"https:\/\/stargatetravel.it\/it\/wp-json\/wp\/v2\/comments?post=1699"}],"wp:featuredmedia":[{"embeddable":true,"href":"https:\/\/stargatetravel.it\/it\/wp-json\/wp\/v2\/media\/4973"}],"wp:attachment":[{"href":"https:\/\/stargatetravel.it\/it\/wp-json\/wp\/v2\/media?parent=1699"}],"wp:term":[{"taxonomy":"product_cat","embeddable":true,"href":"https:\/\/stargatetravel.it\/it\/wp-json\/wp\/v2\/product_cat?post=1699"},{"taxonomy":"product_tag","embeddable":true,"href":"https:\/\/stargatetravel.it\/it\/wp-json\/wp\/v2\/product_tag?post=1699"}],"curies":[{"name":"wp","href":"https:\/\/api.w.org\/{rel}","templated":true}]}}