{"id":4211,"date":"2022-08-04T07:03:04","date_gmt":"2022-08-04T07:03:04","guid":{"rendered":"https:\/\/demo.ovatheme.com\/tripgo\/?post_type=product&#038;p=4211"},"modified":"2022-12-19T10:56:38","modified_gmt":"2022-12-19T10:56:38","slug":"istanbul-pamukkale-ephesus-cappadocia-program-by-overnight-bus","status":"publish","type":"product","link":"https:\/\/stargatetravel.it\/it\/product\/istanbul-pamukkale-ephesus-cappadocia-program-by-overnight-bus\/","title":{"rendered":"Istanbul &amp; Pamukkale &amp; Efeso &amp; Cappadocia in bus con pernottamento - 8 giorni e 7 notti"},"content":{"rendered":"<h2>Panoramica<\/h2>\n<p class=\"p1\">Per pi\u00f9 di un millennio, la Turchia \u00e8 stata al crocevia della civilt\u00e0, un crogiolo di tradizioni orientali e occidentali e un luogo dove le fedi convergono. La Turchia \u00e8 una delle destinazioni turistiche pi\u00f9 popolari al mondo. La Turchia \u00e8 un Paese vasto e variegato, che vanta paesaggi incredibili e meraviglie naturali delimitate da quattro mari diversi. La Turchia \u00e8 un Paese per tutti i gusti, ha molto da offrire ai suoi visitatori: rilassanti vacanze al mare, attivit\u00e0 sportive, una vasta gamma di esperienze di shopping, centri per viaggi congressuali, e offre anche alcuni dei pi\u00f9 importanti monumenti antichi del mondo, l'accogliente ospitalit\u00e0 turca e una deliziosa e varia cucina nazionale.<\/p>\n<p class=\"p1\">Destinazioni principali:<\/p>\n<p class=\"p1\">Istanbul &amp; Pamukkale &amp; Efeso &amp; Cappadocia.<\/p>\n<p class=\"p1\"><b>Tariffa:<\/b><span class=\"Apple-converted-space\" style=\"font-weight: bold;\">\u00a0 <\/span><b>3 *\u00a0<\/b><span class=\"Apple-converted-space\"><b>Alloggi\u00a0 \u00a0 <\/b><\/span><b>540 Euro<\/b><span class=\"Apple-converted-space\" style=\"font-weight: bold;\">\u00a0 <\/span><b>Per persona<\/b><span class=\"Apple-converted-space\" style=\"font-weight: bold;\">\u00a0<\/span><\/p>\n<p class=\"p1\"><span class=\"Apple-converted-space\" style=\"font-weight: bold;\">\u00a0 \u00a0 \u00a0 \u00a0 \u00a0 \u00a0 <\/span><b>4 *\u00a0<\/b><span class=\"Apple-converted-space\"><b>Alloggi\u00a0 \u00a0 <\/b><\/span><b>700 Euro<\/b><span class=\"Apple-converted-space\" style=\"font-weight: bold;\">\u00a0 <\/span><b>Per persona<\/b><\/p>\n<p class=\"p1\"><span class=\"Apple-converted-space\" style=\"font-weight: bold;\">\u00a0 \u00a0 \u00a0 \u00a0 \u00a0 \u00a0 <\/span><b>5 *\u00a0<\/b><span class=\"Apple-converted-space\"><b>Alloggi\u00a0 \u00a0 <\/b><\/span><b>920 Euro<\/b><span class=\"Apple-converted-space\" style=\"font-weight: bold;\">\u00a0 <\/span><b>Per persona<\/b><\/p>","protected":false},"excerpt":{"rendered":"<p>Per pi\u00f9 di un millennio, la Turchia \u00e8 stata al crocevia della civilt\u00e0, un crogiolo di tradizioni orientali e occidentali e un luogo dove le fedi convergono.<\/p>","protected":false},"featured_media":4966,"comment_status":"open","ping_status":"closed","template":"","meta":[],"product_cat":[36,32,38],"product_tag":[],"class_list":["post-4211","product","type-product","status-publish","has-post-thumbnail","hentry","product_cat-exclusive-packages","product_cat-christian-pilgrimage","product_cat-women-packages"],"aioseo_notices":[],"_links":{"self":[{"href":"https:\/\/stargatetravel.it\/it\/wp-json\/wp\/v2\/product\/4211","targetHints":{"allow":["GET"]}}],"collection":[{"href":"https:\/\/stargatetravel.it\/it\/wp-json\/wp\/v2\/product"}],"about":[{"href":"https:\/\/stargatetravel.it\/it\/wp-json\/wp\/v2\/types\/product"}],"replies":[{"embeddable":true,"href":"https:\/\/stargatetravel.it\/it\/wp-json\/wp\/v2\/comments?post=4211"}],"wp:featuredmedia":[{"embeddable":true,"href":"https:\/\/stargatetravel.it\/it\/wp-json\/wp\/v2\/media\/4966"}],"wp:attachment":[{"href":"https:\/\/stargatetravel.it\/it\/wp-json\/wp\/v2\/media?parent=4211"}],"wp:term":[{"taxonomy":"product_cat","embeddable":true,"href":"https:\/\/stargatetravel.it\/it\/wp-json\/wp\/v2\/product_cat?post=4211"},{"taxonomy":"product_tag","embeddable":true,"href":"https:\/\/stargatetravel.it\/it\/wp-json\/wp\/v2\/product_tag?post=4211"}],"curies":[{"name":"wp","href":"https:\/\/api.w.org\/{rel}","templated":true}]}}