{"id":5100,"date":"2022-11-19T15:49:27","date_gmt":"2022-11-19T15:49:27","guid":{"rendered":"http:\/\/stargatetravel.it\/?post_type=product&#038;p=5100"},"modified":"2023-03-12T16:58:04","modified_gmt":"2023-03-12T16:58:04","slug":"chobe-river-front-savuti-chobe-national-park-khwai-community-area-okavango-delta-10-days-9-nights","status":"publish","type":"product","link":"https:\/\/stargatetravel.it\/it\/product\/chobe-river-front-savuti-chobe-national-park-khwai-community-area-okavango-delta-10-days-9-nights\/","title":{"rendered":"Fronte del fiume Chobe - Savuti - Parco nazionale Chobe - Area comunitaria di Khwai - Delta dell'Okavango - 10 giorni \/ 9 notti"},"content":{"rendered":"<h2>Panoramica<\/h2>\n<p class=\"p1\">Situato nella parte meridionale dell'Africa, il Botswana \u00e8 rinomato per le sue aree selvagge incontaminate, caratterizzate da profonde lagune, zone umide, palme lussureggianti, colline aspre e pianure desertiche disseminate di macchia. La principale attrazione turistica del Paese \u00e8 senza dubbio la vasta distesa rossa del deserto del Kalahari e il suo Delta dell'Okavango, il pi\u00f9 grande delta interno del mondo. Queste meraviglie naturali costituiscono un rifugio tranquillo in cui prospera un'abbondante fauna africana. Altri luoghi di interesse sono le impressionanti Saline di Makgadikgadi, dove i visitatori possono assistere a massicce migrazioni di zebre durante la stagione delle inondazioni; le pianure di Savuti, che ospitano grandi branchi di leoni; e le Colline di Tsodilo, dove 4500 pitture rupestri costituiscono una testimonianza unica dell'insediamento umano nel corso di molti millenni.<\/p>\n<p>&nbsp;<\/p>\n<p class=\"p1\"><b>Introduzione<\/b><\/p>\n<table class=\"t1\" style=\"height: 291px;\" width=\"750\" cellspacing=\"0\" cellpadding=\"0\">\n<tbody>\n<tr>\n<td class=\"td1\" valign=\"top\">\n<p class=\"p3\"><b>Sistemazione<\/b><\/p>\n<\/td>\n<td class=\"td2\" valign=\"top\">\n<p class=\"p3\"><b>Destinazione<\/b><\/p>\n<\/td>\n<td class=\"td3\" valign=\"top\">\n<p class=\"p3\"><b>Base<\/b><\/p>\n<\/td>\n<td class=\"td4\" valign=\"top\">\n<p class=\"p3\"><b>Durata<\/b><\/p>\n<\/td>\n<\/tr>\n<tr>\n<td class=\"td1\" valign=\"top\">\n<p class=\"p4\"><span class=\"s1\"><a href=\"https:\/\/wetu.com\/iBrochure\/15233_119953\">Albergo Pangolin Chobe<\/a><\/span><\/p>\n<\/td>\n<td class=\"td2\" valign=\"top\">\n<p class=\"p3\">Fronte fiume Chobe<\/p>\n<\/td>\n<td class=\"td3\" valign=\"top\">\n<p class=\"p3\">FI<\/p>\n<\/td>\n<td class=\"td4\" valign=\"top\">\n<p class=\"p3\"><b>2 notti<\/b><\/p>\n<\/td>\n<\/tr>\n<tr>\n<td class=\"td1\" valign=\"top\">\n<p class=\"p4\"><span class=\"s1\"><a href=\"https:\/\/wetu.com\/iBrochure\/15233_18117\">Savute Safari Lodge<\/a><\/span><\/p>\n<\/td>\n<td class=\"td2\" valign=\"top\">\n<p class=\"p3\">Savuti - Parco Nazionale Chobe<\/p>\n<\/td>\n<td class=\"td3\" valign=\"top\">\n<p class=\"p3\">FI<\/p>\n<\/td>\n<td class=\"td4\" valign=\"top\">\n<p class=\"p3\"><b>2 notti<\/b><\/p>\n<\/td>\n<\/tr>\n<tr>\n<td class=\"td1\" valign=\"top\">\n<p class=\"p4\"><span class=\"s1\"><a href=\"https:\/\/wetu.com\/iBrochure\/15233_21565\">Campi Boscaglia Africani Campo tendato Khwai<\/a><\/span><\/p>\n<\/td>\n<td class=\"td2\" valign=\"top\">\n<p class=\"p3\">Area comunitaria di Khwai<\/p>\n<\/td>\n<td class=\"td3\" valign=\"top\">\n<p class=\"p3\">FI<\/p>\n<\/td>\n<td class=\"td4\" valign=\"top\">\n<p class=\"p3\"><b>2 notti<\/b><\/p>\n<\/td>\n<\/tr>\n<tr>\n<td class=\"td1\" valign=\"top\">\n<p class=\"p4\"><span class=\"s1\"><a href=\"https:\/\/wetu.com\/iBrochure\/15233_20353\">Campo Xakanaxa<\/a><\/span><\/p>\n<\/td>\n<td class=\"td2\" valign=\"top\">\n<p class=\"p3\">Delta dell'Okavango<\/p>\n<\/td>\n<td class=\"td3\" valign=\"top\">\n<p class=\"p3\">FI<\/p>\n<\/td>\n<td class=\"td4\" valign=\"top\">\n<p class=\"p3\"><b>3 notti<\/b><\/p>\n<\/td>\n<\/tr>\n<\/tbody>\n<\/table>\n<p class=\"p5\"><b>Chiave<\/b><br \/>\nB&amp;B: Bed and Breakfast<br \/>\nFI: Completamente incluso - Pernottamento, tutti i pasti, tasse e attivit\u00e0<\/p>\n<p class=\"p1\"><b>Prezzo<\/b><\/p>\n<p class=\"p2\"><b>Tariffe:<\/b><\/p>\n<table class=\"t1\" style=\"height: 484px;\" width=\"810\" cellspacing=\"0\" cellpadding=\"0\">\n<tbody>\n<tr>\n<td class=\"td1\" valign=\"top\">\n<p class=\"p3\">Validit\u00e0<\/p>\n<\/td>\n<td class=\"td2\" valign=\"top\">\n<p class=\"p4\">Tipo<\/p>\n<\/td>\n<td class=\"td3\" valign=\"top\">\n<p class=\"p4\">Camera standard<\/p>\n<\/td>\n<\/tr>\n<tr>\n<td class=\"td4\" rowspan=\"3\" valign=\"middle\">\n<p class=\"p4\">Stagione verde (gennaio-31\/marzo-dicembre)<\/p>\n<\/td>\n<td class=\"td5\" valign=\"top\"><\/td>\n<td class=\"td6\" valign=\"top\"><\/td>\n<\/tr>\n<tr>\n<td class=\"td7\" valign=\"top\">\n<p class=\"p4\">Per persona in condivisione<\/p>\n<\/td>\n<td class=\"td8\" valign=\"top\">\n<p class=\"p4\">Euro 6230<\/p>\n<\/td>\n<\/tr>\n<tr>\n<td class=\"td5\" valign=\"top\">\n<p class=\"p4\">Partenza singola<span class=\"Apple-converted-space\">\u00a0<\/span><\/p>\n<\/td>\n<td class=\"td6\" valign=\"top\">\n<p class=\"p4\">Euro 6230<\/p>\n<\/td>\n<\/tr>\n<tr>\n<td class=\"td1\" valign=\"middle\"><\/td>\n<td class=\"td2\" valign=\"middle\"><\/td>\n<td class=\"td3\" valign=\"middle\"><\/td>\n<\/tr>\n<tr>\n<td class=\"td9\" valign=\"middle\">\n<p class=\"p4\">Stagione di spalla (aprile - 31 maggio e novembre)<\/p>\n<\/td>\n<td class=\"td10\" valign=\"middle\">\n<p class=\"p4\">Per persona in condivisione<\/p>\n<\/td>\n<td class=\"td11\" valign=\"middle\">\n<p class=\"p4\">Euro 7568<\/p>\n<\/td>\n<\/tr>\n<tr>\n<td class=\"td1\" valign=\"middle\"><\/td>\n<td class=\"td2\" valign=\"middle\">\n<p class=\"p4\">Partenza singola<\/p>\n<\/td>\n<td class=\"td3\" valign=\"middle\">\n<p class=\"p4\">Euro 7770<\/p>\n<\/td>\n<\/tr>\n<tr>\n<td class=\"td12\" rowspan=\"3\" valign=\"middle\">\n<p class=\"p4\">Alta stagione (giugno - ottobre)<\/p>\n<\/td>\n<td class=\"td13\" valign=\"middle\"><\/td>\n<td class=\"td14\" valign=\"middle\"><\/td>\n<\/tr>\n<tr>\n<td class=\"td2\" valign=\"middle\">\n<p class=\"p4\">Per persona in condivisione<\/p>\n<\/td>\n<td class=\"td3\" valign=\"middle\">\n<p class=\"p4\">Euro 9367<\/p>\n<\/td>\n<\/tr>\n<tr>\n<td class=\"td13\" valign=\"middle\">\n<p class=\"p4\">Partenza singola<span class=\"Apple-converted-space\">\u00a0<\/span><\/p>\n<\/td>\n<td class=\"td14\" valign=\"middle\">\n<p class=\"p4\">Euro 11758<\/p>\n<\/td>\n<\/tr>\n<\/tbody>\n<\/table>\n<p class=\"p7\">*Tutti i servizi sono soggetti a disponibilit\u00e0. Si applicano i termini e le condizioni<\/p>\n<p class=\"p1\"><b><i>Banche e valute<\/i><\/b><\/p>\n<p class=\"p2\"><b>Valuta<\/b><\/p>\n<p class=\"p2\">La valuta del Botswana \u00e8 il Pula (che significa \"pioggia\" in Setswana). \u00c8 divisa in 100 thebe (che significa \"scudo\" in Setswana). I travellers' cheque e la valuta estera possono essere cambiati presso le banche, gli uffici di cambio e gli hotel autorizzati.<\/p>\n<p class=\"p2\">Il dollaro americano, l'euro, la sterlina britannica e il rand sudafricano sono le valute pi\u00f9 facilmente convertibili (e accettate da alcune strutture, ma in genere viene applicato un tasso di cambio gonfiato).<\/p>\n<p class=\"p2\"><b>Settore bancario<\/b><\/p>\n<p class=\"p2\">In Botswana operano sette principali banche commerciali e alcuni uffici di cambio. Gli orari di apertura sono dal luned\u00ec al venerd\u00ec dalle 08.30 alle 15.30 e il sabato dalle 08.30 alle 10.45.<\/p>\n<p class=\"p2\">I servizi bancari completi sono disponibili nelle principali citt\u00e0, anche se i bancomat stanno spuntando in tutto il Paese. La maggior parte delle carte di credito \u00e8 accettata negli hotel e nei ristoranti. I siti culturali e i negozi di arte e artigianato accettano solo contanti.<\/p>\n<p class=\"p1\"><b><i>Viaggi, trasporti e spostamenti<\/i><\/b><\/p>\n<p class=\"p2\">Il trasporto pubblico in Botswana \u00e8 orientato alle esigenze della popolazione locale e si limita alle strade principali tra i principali centri abitati. Sebbene sia economico e affidabile, \u00e8 poco utile per i viaggiatori, poich\u00e9 la maggior parte delle attrazioni turistiche del Botswana si trova al di fuori dei sentieri battuti.<\/p>\n<p class=\"p2\">In Botswana si consiglia di uscire dalle strade principali solo con veicoli 4\u00d74 equipaggiati correttamente. La maggior parte dei lodge offre trasferimenti o pu\u00f2 organizzarli. Se, invece, sarete alla guida in Botswana: la vostra patente di guida nazionale sar\u00e0 accettata (con una traduzione ufficiale in inglese, se necessario; la guida \u00e8 sul lato sinistro della strada; il limite di velocit\u00e0 nazionale \u00e8 di 120 km\/h sulle strade asfaltate e di 60 km\/h nelle citt\u00e0 e nei villaggi.<\/p>\n<p class=\"p2\"><b>Fate attenzione agli animali selvatici sulle strade!<\/b><\/p>\n<p class=\"p2\">Gli aeroporti principali si trovano a Maun, Kasane e Gaborone, mentre per raggiungere le altre attrazioni e i campi pi\u00f9 importanti si utilizzano voli charter pi\u00f9 piccoli.<\/p>\n<p class=\"p1\"><b><i>Consigli su cibo, bevande e cucina<\/i><\/b><\/p>\n<p class=\"p2\">L'acqua del rubinetto \u00e8 considerata sicura da bere, anche se al di fuori delle citt\u00e0 principali si consiglia ai visitatori di controllare prima e di sterilizzare l'acqua in caso di dubbio. L'acqua in bottiglia \u00e8 disponibile nella maggior parte dei centri turistici. L'acqua filtrata \u00e8 disponibile nella maggior parte dei campi e i negozi offrono acqua in bottiglia; si consiglia di avere una buona scorta di acqua in bottiglia se si viaggia fuori dai sentieri battuti. Il latte \u00e8 pastorizzato e i prodotti caseari, la carne locale, il pollame, i frutti di mare, la frutta e la verdura sono generalmente sicuri.<\/p>\n<p class=\"p2\">I lodge e i campi safari servono una cucina di tipo internazionale, in genere di livello estremamente elevato, insieme a birra locale e a vini e liquori importati. Nelle citt\u00e0 principali si trovano buoni ristoranti e bar, spesso all'interno degli hotel. Le carni di manzo e capra sono molto apprezzate. Altrove, il cibo \u00e8 pi\u00f9 semplice: il miglio e il porridge di sorgo sono i prodotti di base locali.<\/p>\n<p class=\"p2\">Una mancia discrezionale da 5 a 10% \u00e8 tipica per i conti dei ristoranti. In molti posti viene aggiunta automaticamente una tassa di servizio. Durante i safari \u00e8 consuetudine lasciare una mancia alla guida e al personale del lodge.<\/p>\n<p class=\"p1\"><b><i>Clima e tempo<\/i><\/b><\/p>\n<p class=\"p2\">Il modello climatico del Botswana \u00e8 tipico dell'Africa meridionale, anche se le precipitazioni sono inferiori rispetto ai Paesi pi\u00f9 a est. Le piogge in Botswana si verificano soprattutto tra dicembre e marzo, quando le temperature minime medie sono inferiori ai 20\u00b0. Alcune giornate saranno luminose e soleggiate, altre con temporali pomeridiani e altre ancora grigie.<\/p>\n<p>Come in Namibia, anche in Botswana i mesi di aprile e maggio sono generalmente piacevoli, con il cielo limpido e il paesaggio verdeggiante. Le temperature notturne iniziano a scendere in questi mesi, soprattutto nel Kalahari. Si noti che le localit\u00e0 all'interno e intorno all'Okavango tendono ad avere temperature meno estreme e pi\u00f9 moderate rispetto alle aree pi\u00f9 secche del Kalahari.<\/p>\n<p>Da giugno ad agosto le temperature notturne nelle zone pi\u00f9 aride possono essere vicine allo zero, ma si riscaldano rapidamente durante il giorno, quando il cielo \u00e8 solitamente limpido e azzurro. \u00c8 ormai \"alta stagione\" per la maggior parte dei safari: il terreno \u00e8 secco nella maggior parte delle aree e gli animali si radunano intorno alle poche fonti d'acqua disponibili.<\/p>\n<p>Questa situazione si protrae fino a settembre e ottobre, quando le temperature tornano a salire, inaridendo i paesaggi e concentrando ancora di pi\u00f9 la selvaggina. Questo \u00e8 il periodo migliore per i safari di caccia grossa, anche se ottobre pu\u00f2 essere molto caldo, con temperature massime che a volte sfiorano i 40\u00b0.<\/p>\n<p>Novembre \u00e8 difficile da prevedere, perch\u00e9 a volte pu\u00f2 essere una continuazione del caldo di ottobre, mentre a volte \u00e8 rinfrescato dalle prime piogge; \u00e8 sempre un mese interessante.<\/p>\n<p class=\"p1\"><b><i>Raccomandazioni sull'abbigliamento e sui vestiti<\/i><\/b><\/p>\n<p class=\"p2\">In estate sono preferibili i cotoni leggeri e chiari. Evitare i materiali sintetici e gli indumenti neri, perch\u00e9 aumentano la sudorazione e il disagio. In inverno, indossare pantaloni, camicie\/camicette a maniche lunghe e maglie. Da maggio ad agosto, le temperature notturne possono scendere al di sotto degli zero gradi, quindi maglie e giacche calde sono fondamentali, soprattutto durante i game drive mattutini e serali. Per i safari e i fotosafari \u00e8 consigliabile indossare capi dai colori neutri che si integrano con il bush e la foresta. Portate con voi una giacca e\/o una maglia leggera in caso di sbalzi di temperatura o pioggia. Scarpe chiuse e comode per camminare o scarpe da ginnastica sono d'obbligo in tutte le stagioni. Particolare attenzione va prestata alla protezione dal sole. Portate con voi un cappello da sole, una crema solare di buona qualit\u00e0, una lozione solare e occhiali da sole polarizzati. I cappelli da sole a tesa larga sono indispensabili.<\/p>\n<p class=\"p1\"><b><i>Elettricit\u00e0 e standard delle spine<\/i><\/b><\/p>\n<p class=\"p2\">Le prese elettriche in Botswana sono del tipo \"M\" sudafricano SABS1661 (\"Large\" 15 amp BS-546). Si tratta in realt\u00e0 di un vecchio standard britannico. La spina e la presa sudafricana \"Tipo M\" non vanno confuse con la spina e la presa indiana \"Tipo D\". In foto sembrano molto simili, ma il tipo sudafricano \u00e8 molto pi\u00f9 grande di quello indiano e sono fisicamente incompatibili. Se la spina del vostro apparecchio non corrisponde alla forma di queste prese, avrete bisogno di un adattatore da viaggio per poterle collegare. Gli adattatori da viaggio non fanno altro che modificare la forma della spina dell'apparecchio per adattarla al tipo di presa a cui si deve collegare.<\/p>\n<p class=\"p2\">Le prese elettriche in Botswana forniscono di solito elettricit\u00e0 tra i 220 e i 240 volt CA. Se state collegando un apparecchio costruito per l'ingresso elettrico a 220-240 volt o un apparecchio compatibile con pi\u00f9 tensioni, \u00e8 sufficiente un adattatore.<\/p>\n<p>Ma gli adattatori di spina da viaggio\u00a0<i>non modificare la tensione<\/i>L'elettricit\u00e0 che passa attraverso l'adattatore sar\u00e0 sempre la stessa 220-240 volt fornita dalla presa. Se si devono utilizzare apparecchi non compatibili con l'ingresso elettrico a 220-240 volt, \u00e8 necessario un convertitore di tensione.<\/p>","protected":false},"excerpt":{"rendered":"<p>Situato nella parte meridionale dell'Africa, il Botswana \u00e8 rinomato per le sue aree selvagge incontaminate, caratterizzate da profonde lagune, zone umide, palme lussureggianti, colline aspre e pianure desertiche disseminate di macchia.<\/p>","protected":false},"featured_media":5090,"comment_status":"open","ping_status":"closed","template":"","meta":[],"product_cat":[36,30,32,28,38,39,44,45,46,47,48,50,51,49,52],"product_tag":[],"class_list":["post-5100","product","type-product","status-publish","has-post-thumbnail","hentry","product_cat-exclusive-packages","product_cat-muslim-pilgrimage","product_cat-christian-pilgrimage","product_cat-christmas-packages","product_cat-women-packages","product_cat-gastronomy-food-adventures","product_cat-honeymoon-trips","product_cat-sea-cruise","product_cat-go-luxury","product_cat-accessible-trips","product_cat-mice","product_cat-medical-wellness","product_cat-next-to-nature","product_cat-agri-tourism","product_cat-enchanting-desert"],"aioseo_notices":[],"_links":{"self":[{"href":"https:\/\/stargatetravel.it\/it\/wp-json\/wp\/v2\/product\/5100","targetHints":{"allow":["GET"]}}],"collection":[{"href":"https:\/\/stargatetravel.it\/it\/wp-json\/wp\/v2\/product"}],"about":[{"href":"https:\/\/stargatetravel.it\/it\/wp-json\/wp\/v2\/types\/product"}],"replies":[{"embeddable":true,"href":"https:\/\/stargatetravel.it\/it\/wp-json\/wp\/v2\/comments?post=5100"}],"wp:featuredmedia":[{"embeddable":true,"href":"https:\/\/stargatetravel.it\/it\/wp-json\/wp\/v2\/media\/5090"}],"wp:attachment":[{"href":"https:\/\/stargatetravel.it\/it\/wp-json\/wp\/v2\/media?parent=5100"}],"wp:term":[{"taxonomy":"product_cat","embeddable":true,"href":"https:\/\/stargatetravel.it\/it\/wp-json\/wp\/v2\/product_cat?post=5100"},{"taxonomy":"product_tag","embeddable":true,"href":"https:\/\/stargatetravel.it\/it\/wp-json\/wp\/v2\/product_tag?post=5100"}],"curies":[{"name":"wp","href":"https:\/\/api.w.org\/{rel}","templated":true}]}}