{"id":5130,"date":"2022-11-19T17:22:31","date_gmt":"2022-11-19T17:22:31","guid":{"rendered":"http:\/\/stargatetravel.it\/?post_type=product&#038;p=5130"},"modified":"2022-12-19T10:52:37","modified_gmt":"2022-12-19T10:52:37","slug":"falcon-safaris-johannesburg-kruger-national-park-and-cape-town-9-days-8-nights","status":"publish","type":"product","link":"https:\/\/stargatetravel.it\/it\/product\/falcon-safaris-johannesburg-kruger-national-park-and-cape-town-9-days-8-nights\/","title":{"rendered":"Falcon Safaris Johannesburg, Parco Nazionale Kruger e Citt\u00e0 del Capo - 9 giorni \/ 8 notti"},"content":{"rendered":"<h2>Panoramica<\/h2>\n<p class=\"p1\">Questo vasto Paese \u00e8 senza dubbio uno dei luoghi pi\u00f9 diversi del mondo dal punto di vista culturale e geografico. Conosciuto dai locali come la \"Nazione Arcobaleno\", il Sudafrica ha 11 lingue ufficiali e i suoi abitanti multiculturali sono influenzati da un affascinante mix di culture. Scoprite i ristoranti gourmet, l'impressionante scena artistica, la vivace vita notturna e le splendide spiagge di Citt\u00e0 del Capo; godetevi un braai (barbecue) locale nella township di Soweto; curiosate nei vivaci mercati indiani di Durban; o assaggiate alcuni dei vini pi\u00f9 pregiati del mondo nella miriade di aziende vinicole che punteggiano le Cape Winelands. Tra le attrazioni storiche da esplorare vi sono i campi di battaglia dello Zululand nel KwaZulu-Natal, il Museo dell'Apartheid di Johannesburg e Robben Island, appena fuori dalla costa di Citt\u00e0 del Capo. Ma soprattutto, la natura selvaggia, con la sua sorprendente gamma di animali selvatici che vagano liberamente in enormi riserve di caccia non recintate, come il famosissimo Kruger National Park. Con tutta questa variet\u00e0 di offerte, non c'\u00e8 da stupirsi che il Sudafrica sia diventato rapidamente la destinazione turistica pi\u00f9 popolare dell'Africa.<\/p>\n<p>&nbsp;<\/p>\n<p class=\"p1\"><b>Introduzione<\/b><\/p>\n<table class=\"t1\" cellspacing=\"0\" cellpadding=\"0\">\n<tbody>\n<tr>\n<td class=\"td1\" valign=\"top\">\n<p class=\"p3\"><b>Sistemazione<\/b><\/p>\n<\/td>\n<td class=\"td2\" valign=\"top\">\n<p class=\"p3\"><b>Destinazione<\/b><\/p>\n<\/td>\n<td class=\"td3\" valign=\"top\">\n<p class=\"p3\"><b>Base<\/b><\/p>\n<\/td>\n<td class=\"td4\" valign=\"top\">\n<p class=\"p3\"><b>Tipo di camera<\/b><\/p>\n<\/td>\n<td class=\"td5\" valign=\"top\">\n<p class=\"p3\"><b>Durata<\/b><\/p>\n<\/td>\n<\/tr>\n<tr>\n<td class=\"td6\" valign=\"top\">\n<p class=\"p4\"><span class=\"s1\"><a href=\"https:\/\/wetu.com\/iBrochure\/15233_13061\">DAVINCI Hotel &amp; Suites Piazza Nelson Mandela<\/a><\/span><\/p>\n<\/td>\n<td class=\"td7\" valign=\"top\">\n<p class=\"p3\">Johannesburg<\/p>\n<\/td>\n<td class=\"td8\" valign=\"top\">\n<p class=\"p3\">B&amp;B<\/p>\n<\/td>\n<td class=\"td9\" valign=\"top\">\n<p class=\"p3\">1x Camera doppia<\/p>\n<\/td>\n<td class=\"td10\" valign=\"top\">\n<p class=\"p3\"><b>2 notti<\/b><\/p>\n<\/td>\n<\/tr>\n<tr>\n<td class=\"td1\" valign=\"top\">\n<p class=\"p4\"><span class=\"s1\"><a href=\"https:\/\/wetu.com\/iBrochure\/15233_13102\">Rhino Post Safari Lodge<\/a><\/span><\/p>\n<\/td>\n<td class=\"td2\" valign=\"top\">\n<p class=\"p3\">Parco nazionale Kruger<\/p>\n<\/td>\n<td class=\"td3\" valign=\"top\">\n<p class=\"p3\">FB+<\/p>\n<\/td>\n<td class=\"td4\" valign=\"top\">\n<p class=\"p3\">1x Camera doppia<\/p>\n<\/td>\n<td class=\"td5\" valign=\"top\">\n<p class=\"p3\"><b>3 notti<\/b><\/p>\n<\/td>\n<\/tr>\n<tr>\n<td class=\"td1\" valign=\"top\">\n<p class=\"p4\"><span class=\"s1\"><a href=\"https:\/\/wetu.com\/iBrochure\/15233_1161\">L'hotel PortsWood<\/a><\/span><\/p>\n<\/td>\n<td class=\"td2\" valign=\"top\">\n<p class=\"p3\">Citt\u00e0 del Capo<\/p>\n<\/td>\n<td class=\"td3\" valign=\"top\">\n<p class=\"p3\">B&amp;B<\/p>\n<\/td>\n<td class=\"td4\" valign=\"top\">\n<p class=\"p3\">1x Camera doppia<\/p>\n<\/td>\n<td class=\"td5\" valign=\"top\">\n<p class=\"p3\"><b>3 notti<\/b><\/p>\n<\/td>\n<\/tr>\n<\/tbody>\n<\/table>\n<p class=\"p5\"><b>Chiave<\/b><br \/>\nB&amp;B: Bed and Breakfast<br \/>\nFB+: Cena, pernottamento, colazione, pranzo e attivit\u00e0 giornaliere<\/p>\n<p class=\"p1\"><b>Prezzo<\/b><\/p>\n<p class=\"p2\">USD 4152,00 per persona in condivisione<\/p>\n<p class=\"p2\">USD 1195,00 supplemento camera singola<\/p>\n<p class=\"p2\">Minimo:<span class=\"Apple-converted-space\">\u00a0 <\/span>2 persone<span class=\"Apple-converted-space\">\u00a0<\/span><\/p>\n<p class=\"p2\"><b><i>Banche e valute<\/i><\/b><\/p>\n<p class=\"p1\"><b>Valuta<\/b><\/p>\n<p class=\"p1\">La valuta \u00e8 il Rand, diviso in 100 centesimi. Esistono banconote da R200, R100, R50, R20 e R10. Le monete sono disponibili in R5, R2, R1, 50c, 20c, 10c e 5c.<\/p>\n<p class=\"p1\"><b>Settore bancario<\/b><\/p>\n<p class=\"p1\">Le banche si trovano nella maggior parte delle citt\u00e0 e sono generalmente aperte dalle 09h00 alle 15h30 nei giorni feriali e dalle 08h30 alle 11h00 il sabato (chiuse la domenica e i giorni festivi). La maggior parte di esse offre servizi di cambio - con contanti, carte bancarie e di credito e travellers cheques. \u00c8 inoltre possibile ottenere contanti dagli sportelli automatici (ATM). Diverse banche internazionali hanno filiali nei principali centri urbani. Avvisate sempre la vostra banca che state viaggiando al di fuori del Paese, perch\u00e9 potrebbero bloccare i vostri acquisti se non ne sono informate.<\/p>\n<p class=\"p2\"><b><i>Viaggi, trasporti e spostamenti<\/i><\/b><\/p>\n<p class=\"p1\">Viaggiare in Sudafrica \u00e8 relativamente facile in aereo, su strada e in treno.<\/p>\n<p>Le principali rotte aeree sono servite da SAA e British Airways, operate da Comair. Sulle rotte principali operano 2 vettori low-cost, Kulula.com e Mango.<\/p>\n<p class=\"p1\">Per facilitare gli spostamenti in Sudafrica ci sono 10 aeroporti gestiti dalla Airports Company South Africa (Acsa). Inoltre, ci sono circa 90 aeroporti regionali, tra cui il Kruger Mpumalanga International Airport di Nelspruit e lo Skukuza Airport, che offre accesso al Parco Nazionale Kruger.<\/p>\n<p class=\"p1\">Un esteso sistema di strade asfaltate rende il viaggio in Sudafrica comodo e facile. Nelle zone rurali, tuttavia, si trovano strade di ghiaia.  Nota:<\/p>\n<ul class=\"ul1\">\n<li class=\"li1\">\u00c8 richiesta una patente di guida internazionale valida.<\/li>\n<li class=\"li1\">Guidiamo sul lato sinistro della strada.<\/li>\n<li class=\"li1\">\u00c8 obbligatorio indossare le cinture di sicurezza e i telefoni cellulari possono essere utilizzati solo a mani libere.<\/li>\n<li class=\"li1\">I limiti di velocit\u00e0 sono generalmente fissati a 120 km sulle autostrade, 100 km sulle strade secondarie e 60 km nelle aree urbane.<\/li>\n<li class=\"li1\">Su alcune strade nazionali si applicano pedaggi.<\/li>\n<li class=\"li1\">Le stazioni di servizio sono molto diffuse.<\/li>\n<li class=\"li1\">La maggior parte delle societ\u00e0 di autonoleggio mondiali ha filiali in Sudafrica.<\/li>\n<\/ul>\n<p class=\"p1\">Un altro mezzo per spostarsi in Sudafrica sono i servizi di autobus interurbani di lusso come Greyhound e Trans-Lux.  Gli autobus Metrobus sono disponibili per il trasporto in citt\u00e0.  I taxi con tassametro devono essere ordinati per telefono. A Citt\u00e0 del Capo e a Johannesburg \u00e8 disponibile un autobus hop-on-hop-off.<\/p>\n<p class=\"p1\">Il nostro sistema ferroviario comprende i treni ShosholozaMeyl Metrorail, economici e a lunga percorrenza. Le opzioni pi\u00f9 lussuose sono il Blue Train, la Premier Classe e il treno a vapore Rovos Rail.  Nella provincia di Gauteng \u00e8 presente anche il nuovo sistema ferroviario di transito rapido Gautrain, che collega Johannesburg, Pretoria, Ekhuruleni e l'aeroporto internazionale OR Tambo.<\/p>\n<p class=\"p2\"><b><i>Consigli su cibo, bevande e cucina<\/i><\/b><\/p>\n<p class=\"p1\">Gli standard igienici in relazione alla salute e alla sicurezza alimentare in Sudafrica sono generalmente elevati negli hotel, nei ristoranti, nei pub e nei locali notturni. L'acqua del rubinetto in Sudafrica \u00e8 sicura da bere e da cucinare se prelevata dai rubinetti delle aree urbane. Non tutta l'acqua del rubinetto nelle aree rurali \u00e8 sicura per il consumo, quindi prendete le dovute precauzioni se necessario.<\/p>\n<p class=\"p1\">\u00c8 sicuro mangiare frutta, verdura e insalate fresche e mettere il ghiaccio nelle bevande. Il pesce, la carne e il pollo del Sudafrica sono di ottima qualit\u00e0, quindi non \u00e8 necessario limitarsi nel gustare la cucina locale.<\/p>\n<p class=\"p1\">I ristoranti sono soggetti alla legislazione sudafricana sul controllo della sicurezza alimentare, attuata dal governo locale.  I regolamenti prevedono certificazioni e ispezioni regolari da parte degli ispettori sanitari per garantire il mantenimento degli standard igienici.<\/p>\n<p class=\"p1\">Il cibo di strada non \u00e8 cos\u00ec comune in Sudafrica come in altri Paesi, anche se nei centri urbani e nelle township si possono trovare venditori di snack e pasti tradizionali. La sicurezza alimentare in questi casi non pu\u00f2 essere sempre garantita.<\/p>\n<p class=\"p2\"><b><i>Clima e tempo<\/i><\/b><\/p>\n<p class=\"p1\">Le temperature sudafricane, misurate in gradi centigradi, hanno in media massime di 28\u00b0C e minime di 8\u00b0C nei mesi estivi, mentre le temperature invernali variano da 1\u00b0C di notte a circa 18\u00b0C di giorno.  Le precipitazioni medie annue sono basse, con meno di 500 mm all'anno, il che rende il Paese piuttosto arido.  La maggior parte delle piogge cade nel Capo Occidentale in inverno, a differenza del resto del Paese, dove le piogge sono estive. In compenso, il clima sudafricano vanta una buona dose di sole, con una media di 8,5 ore al giorno.<\/p>\n<p class=\"p2\"><b><i>Raccomandazioni sull'abbigliamento e sui vestiti<\/i><\/b><\/p>\n<p class=\"p1\"><b>Estate<\/b><\/p>\n<p class=\"p1\">Portate con voi abiti freschi, leggeri e comodi, perch\u00e9 le temperature estive possono raggiungere i 30-40 gradi centigradi in alcune zone. Portate anche un ombrello o un impermeabile durante l'estate, poich\u00e9 in questo periodo piove nella maggior parte del Paese, ma non dimenticate un costume da bagno.<\/p>\n<p class=\"p1\"><b>Inverno<\/b><\/p>\n<p class=\"p1\">Gli inverni sono generalmente miti e si confrontano con le estati europee.  Ma ci sono giorni in cui le temperature si abbassano, soprattutto nelle zone alte come il Drakensberg, quindi preparatevi con maglie e giacche. Citt\u00e0 del Capo \u00e8 soggetta a piogge durante la stagione invernale, quindi \u00e8 consigliabile portare con s\u00e9 un equipaggiamento da pioggia.<\/p>\n<p class=\"p1\"><b>Generale<\/b><\/p>\n<p class=\"p1\">Portate sempre con voi un cappello, occhiali da sole e crema solare, perch\u00e9 il sole pu\u00f2 essere forte anche nei mesi invernali.<\/p>\n<p class=\"p1\">Le scarpe da trekking sono una buona idea tutto l'anno, con calzini caldi in inverno.<\/p>\n<p class=\"p1\">Se si lavora nel Paese, nel settore aziendale \u00e8 generalmente richiesto un abbigliamento business (giacca e cravatta), mentre i media, ad esempio, vestono in modo pi\u00f9 casual.<\/p>\n<p class=\"p1\">Per l'osservazione della selvaggina, saranno utili un paio di capi di colore neutro, ma non \u00e8 necessario esagerare. \u00c8 consigliabile anche un buon paio di scarpe da trekking.<\/p>\n<p class=\"p1\">Per la sera, se si cena in un ristorante di lusso o si assiste a uno spettacolo, si consiglia un abbigliamento elegante e casual.<\/p>\n<p class=\"p2\"><b><i>Elettricit\u00e0 e standard delle spine<\/i><\/b><\/p>\n<p class=\"p1\">La corrente \u00e8 di 220\/240 volt a 50 cicli al secondo. Per i vostri apparecchi elettrici \u00e8 necessario portare con s\u00e9 un adattatore a tre punti di spina tonda - tali adattatori sono disponibili anche nei principali aeroporti.<\/p>\n<p>&nbsp;<\/p>\n<p class=\"p1\"><b>Trasferimenti<\/b><\/p>\n<table style=\"height: 412px;\" width=\"929\" cellspacing=\"0\" cellpadding=\"0\">\n<tbody>\n<tr>\n<td valign=\"top\"><span style=\"color: #000000; font-family: Calibri; font-size: medium;\"><b>Data<\/b><\/span><\/td>\n<td valign=\"top\"><span style=\"color: #000000; font-family: Calibri; font-size: medium;\"><b>Azienda<\/b><\/span><\/td>\n<td valign=\"top\"><span style=\"color: #000000; font-family: Calibri; font-size: medium;\"><b>Ritiro<\/b><\/span><\/td>\n<td valign=\"top\"><span style=\"color: #000000; font-family: Calibri; font-size: medium;\"><b>Consegna<\/b><\/span><\/td>\n<td valign=\"top\"><span style=\"color: #000000; font-family: Calibri; font-size: medium;\"><b>Tempo<\/b><\/span><\/td>\n<td valign=\"top\"><span style=\"color: #000000; font-family: Calibri; font-size: medium;\"><b>Veicolo<\/b><\/span><\/td>\n<\/tr>\n<tr>\n<td valign=\"top\"><\/td>\n<td valign=\"top\"><\/td>\n<td valign=\"top\"><span style=\"color: #000000; font-family: Calibri; font-size: medium;\">Aeroporto internazionale OR Tambo [JNB]<\/span><\/td>\n<td valign=\"top\"><span style=\"color: #000000; font-family: Calibri; font-size: medium;\">DAVINCI Hotel &amp; Suites Piazza Nelson Mandela<\/span><\/td>\n<td valign=\"top\"><\/td>\n<td valign=\"top\"><span style=\"color: #000000; font-family: Calibri; font-size: medium;\">Trasferimento<\/span><\/td>\n<\/tr>\n<tr>\n<td valign=\"top\"><\/td>\n<td valign=\"top\"><\/td>\n<td valign=\"top\"><span style=\"color: #000000; font-family: Calibri; font-size: medium;\">DAVINCI Hotel &amp; Suites Piazza Nelson Mandela<\/span><\/td>\n<td valign=\"top\"><span style=\"color: #000000; font-family: Calibri; font-size: medium;\">Aeroporto internazionale OR Tambo [JNB]<\/span><\/td>\n<td valign=\"top\"><\/td>\n<td valign=\"top\"><span style=\"color: #000000; font-family: Calibri; font-size: medium;\">Trasferimento<\/span><\/td>\n<\/tr>\n<tr>\n<td valign=\"top\"><\/td>\n<td valign=\"top\"><\/td>\n<td valign=\"top\"><span style=\"color: #000000; font-family: Calibri; font-size: medium;\">Aeroporto di Skukuza<\/span><\/td>\n<td valign=\"top\"><span style=\"color: #000000; font-family: Calibri; font-size: medium;\">Rhino Post Safari Lodge<\/span><\/td>\n<td valign=\"top\"><\/td>\n<td valign=\"top\"><span style=\"color: #000000; font-family: Calibri; font-size: medium;\">Trasferimento<\/span><\/td>\n<\/tr>\n<tr>\n<td valign=\"top\"><\/td>\n<td valign=\"top\"><\/td>\n<td valign=\"top\"><span style=\"color: #000000; font-family: Calibri; font-size: medium;\">Rhino Post Safari Lodge<\/span><\/td>\n<td valign=\"top\"><span style=\"color: #000000; font-family: Calibri; font-size: medium;\">Aeroporto di Skukuza<\/span><\/td>\n<td valign=\"top\"><\/td>\n<td valign=\"top\"><span style=\"color: #000000; font-family: Calibri; font-size: medium;\">Trasferimento<\/span><\/td>\n<\/tr>\n<tr>\n<td valign=\"top\"><\/td>\n<td valign=\"top\"><\/td>\n<td valign=\"top\"><span style=\"color: #000000; font-family: Calibri; font-size: medium;\">Aeroporto internazionale di Citt\u00e0 del Capo [CPT]<\/span><\/td>\n<td valign=\"top\"><span style=\"color: #000000; font-family: Calibri; font-size: medium;\">L'hotel PortsWood<\/span><\/td>\n<td valign=\"top\"><\/td>\n<td valign=\"top\"><span style=\"color: #000000; font-family: Calibri; font-size: medium;\">Trasferimento<\/span><\/td>\n<\/tr>\n<tr>\n<td valign=\"top\"><\/td>\n<td valign=\"top\"><\/td>\n<td valign=\"top\"><span style=\"color: #000000; font-family: Calibri; font-size: medium;\">L'hotel PortsWood<\/span><\/td>\n<td valign=\"top\"><span style=\"color: #000000; font-family: Calibri; font-size: medium;\">Aeroporto internazionale di Citt\u00e0 del Capo [CPT]<\/span><\/td>\n<td valign=\"top\"><\/td>\n<td valign=\"top\"><span style=\"color: #000000; font-family: Calibri; font-size: medium;\">Trasferimento<\/span><\/td>\n<\/tr>\n<\/tbody>\n<\/table>","protected":false},"excerpt":{"rendered":"<p>Questo vasto Paese \u00e8 senza dubbio uno dei luoghi culturalmente e geograficamente pi\u00f9 diversi della Terra.<\/p>","protected":false},"featured_media":5131,"comment_status":"open","ping_status":"closed","template":"","meta":[],"product_cat":[36,30,32,28,38,39,44,45,46,47,48,50,51,49,52],"product_tag":[],"class_list":["post-5130","product","type-product","status-publish","has-post-thumbnail","hentry","product_cat-exclusive-packages","product_cat-muslim-pilgrimage","product_cat-christian-pilgrimage","product_cat-christmas-packages","product_cat-women-packages","product_cat-gastronomy-food-adventures","product_cat-honeymoon-trips","product_cat-sea-cruise","product_cat-go-luxury","product_cat-accessible-trips","product_cat-mice","product_cat-medical-wellness","product_cat-next-to-nature","product_cat-agri-tourism","product_cat-enchanting-desert"],"aioseo_notices":[],"_links":{"self":[{"href":"https:\/\/stargatetravel.it\/it\/wp-json\/wp\/v2\/product\/5130","targetHints":{"allow":["GET"]}}],"collection":[{"href":"https:\/\/stargatetravel.it\/it\/wp-json\/wp\/v2\/product"}],"about":[{"href":"https:\/\/stargatetravel.it\/it\/wp-json\/wp\/v2\/types\/product"}],"replies":[{"embeddable":true,"href":"https:\/\/stargatetravel.it\/it\/wp-json\/wp\/v2\/comments?post=5130"}],"wp:featuredmedia":[{"embeddable":true,"href":"https:\/\/stargatetravel.it\/it\/wp-json\/wp\/v2\/media\/5131"}],"wp:attachment":[{"href":"https:\/\/stargatetravel.it\/it\/wp-json\/wp\/v2\/media?parent=5130"}],"wp:term":[{"taxonomy":"product_cat","embeddable":true,"href":"https:\/\/stargatetravel.it\/it\/wp-json\/wp\/v2\/product_cat?post=5130"},{"taxonomy":"product_tag","embeddable":true,"href":"https:\/\/stargatetravel.it\/it\/wp-json\/wp\/v2\/product_tag?post=5130"}],"curies":[{"name":"wp","href":"https:\/\/api.w.org\/{rel}","templated":true}]}}