{"id":5143,"date":"2022-11-19T17:36:14","date_gmt":"2022-11-19T17:36:14","guid":{"rendered":"http:\/\/stargatetravel.it\/?post_type=product&#038;p=5143"},"modified":"2023-03-12T16:54:41","modified_gmt":"2023-03-12T16:54:41","slug":"uganda-safari-kampala-queen-elizabeth-np-bwindi-impenetrable-forest-7-days-6-nights","status":"publish","type":"product","link":"https:\/\/stargatetravel.it\/it\/product\/uganda-safari-kampala-queen-elizabeth-np-bwindi-impenetrable-forest-7-days-6-nights\/","title":{"rendered":"SAFARI UGANDA: Kampala - Queen Elizabeth NP - Foresta Impenetrabile di Bwindi 7 giorni \/ 6 notti"},"content":{"rendered":"<h2>Panoramica<\/h2>\n<p class=\"p1\">Questo \u00e8 il modo pi\u00f9 veloce ma divertente di trascorrere il tempo in Uganda, la Perla dell'Africa. \u00c8 il modo migliore per i viaggiatori che vogliono vedere molto ma hanno poco tempo a disposizione. Esplorate la splendida fauna selvatica del Parco Nazionale del Lago Mburo, oltre alla superba crociera in barca. La salina del lago Mburo \u00e8 assolutamente da vedere. Proseguite per Bwindi e visitate i rari gorilla di montagna insieme al popolo Batwa, condendo il tutto con l'esclusivo tour della citt\u00e0 di Kigali prima della partenza.<\/p>\n<p class=\"p3\"><b>Punti salienti del tour;<\/b><\/p>\n<ul class=\"ul1\">\n<li class=\"li1\">Fotosafari<\/li>\n<li class=\"li1\">Crociera in barca<\/li>\n<li class=\"li1\">Incontro culturale<\/li>\n<li class=\"li1\">Osservazione degli uccelli<\/li>\n<li class=\"li1\">Viaggi panoramici su strada<\/li>\n<li class=\"li1\">Foto momento all'Equatore<\/li>\n<li class=\"li1\">Inseguimento dei gorilla<\/li>\n<\/ul>\n<p class=\"p5\"><span class=\"s2\"><b>Chiave<\/b><br \/>\n<\/span>B&amp;B: Bed and Breakfast<br \/>\nFB: Pensione completa - cena, pernottamento, colazione e pranzo<\/p>\n<table class=\"t1\" style=\"height: 172px;\" width=\"792\" cellspacing=\"0\" cellpadding=\"0\">\n<tbody>\n<tr>\n<td class=\"td1\" colspan=\"4\" valign=\"top\">\n<p class=\"p1\"><b>PREZZO DEL TOUR PER PERSONA IN CONDIVISIONE <\/b>(Permessi inclusi)<\/p>\n<\/td>\n<\/tr>\n<tr>\n<td class=\"td2\" colspan=\"2\" valign=\"top\">\n<p class=\"p2\"><b>OPZIONE DI FASCIA MEDIA<\/b><\/p>\n<\/td>\n<td class=\"td3\" colspan=\"2\" valign=\"top\"><\/td>\n<\/tr>\n<tr>\n<td class=\"td4\" valign=\"top\">\n<p class=\"p4\">Per persona (2)<\/p>\n<\/td>\n<td class=\"td5\" valign=\"top\">\n<p class=\"p5\"><b>Euro 3370<\/b><\/p>\n<\/td>\n<td class=\"td6\" valign=\"top\">\n<p class=\"p4\">Per persona (2)<\/p>\n<\/td>\n<td class=\"td7\" valign=\"top\">\n<p class=\"p5\"><b>SRS Euro420<\/b><\/p>\n<\/td>\n<\/tr>\n<\/tbody>\n<\/table>","protected":false},"excerpt":{"rendered":"<p>Questo \u00e8 il modo pi\u00f9 veloce ma divertente per trascorrere del tempo in Uganda, la Perla dell'Africa.<\/p>","protected":false},"featured_media":5144,"comment_status":"open","ping_status":"closed","template":"","meta":[],"product_cat":[36,30,32,28,38,39,44,45,46,47,48,50,51,49,52],"product_tag":[],"class_list":["post-5143","product","type-product","status-publish","has-post-thumbnail","hentry","product_cat-exclusive-packages","product_cat-muslim-pilgrimage","product_cat-christian-pilgrimage","product_cat-christmas-packages","product_cat-women-packages","product_cat-gastronomy-food-adventures","product_cat-honeymoon-trips","product_cat-sea-cruise","product_cat-go-luxury","product_cat-accessible-trips","product_cat-mice","product_cat-medical-wellness","product_cat-next-to-nature","product_cat-agri-tourism","product_cat-enchanting-desert"],"aioseo_notices":[],"_links":{"self":[{"href":"https:\/\/stargatetravel.it\/it\/wp-json\/wp\/v2\/product\/5143","targetHints":{"allow":["GET"]}}],"collection":[{"href":"https:\/\/stargatetravel.it\/it\/wp-json\/wp\/v2\/product"}],"about":[{"href":"https:\/\/stargatetravel.it\/it\/wp-json\/wp\/v2\/types\/product"}],"replies":[{"embeddable":true,"href":"https:\/\/stargatetravel.it\/it\/wp-json\/wp\/v2\/comments?post=5143"}],"wp:featuredmedia":[{"embeddable":true,"href":"https:\/\/stargatetravel.it\/it\/wp-json\/wp\/v2\/media\/5144"}],"wp:attachment":[{"href":"https:\/\/stargatetravel.it\/it\/wp-json\/wp\/v2\/media?parent=5143"}],"wp:term":[{"taxonomy":"product_cat","embeddable":true,"href":"https:\/\/stargatetravel.it\/it\/wp-json\/wp\/v2\/product_cat?post=5143"},{"taxonomy":"product_tag","embeddable":true,"href":"https:\/\/stargatetravel.it\/it\/wp-json\/wp\/v2\/product_tag?post=5143"}],"curies":[{"name":"wp","href":"https:\/\/api.w.org\/{rel}","templated":true}]}}