{"id":5728,"date":"2022-11-23T16:19:53","date_gmt":"2022-11-23T16:19:53","guid":{"rendered":"http:\/\/stargatetravel.it\/?post_type=product&#038;p=5728"},"modified":"2023-03-12T16:45:34","modified_gmt":"2023-03-12T16:45:34","slug":"china-and-hong-kong-5-nts-beijing-2-nts-xian-2-nts-shanghai-1-nt-suzhou-3-nts-hangzhou-4-nts-hong-kong-17-nights-18-days","status":"publish","type":"product","link":"https:\/\/stargatetravel.it\/it\/product\/china-and-hong-kong-5-nts-beijing-2-nts-xian-2-nts-shanghai-1-nt-suzhou-3-nts-hangzhou-4-nts-hong-kong-17-nights-18-days\/","title":{"rendered":"Cina e Hong Kong 5 notti Pechino, 2 notti Xi'an, 2 notti Shanghai, 1 notte Suzhou, 3 notti Hangzhou, 4 notti Hong Kong 17 notti \/ 18 giorni"},"content":{"rendered":"<h4>Consigli di viaggio per la Cina<\/h4>\n<h5>Clima:<\/h5>\n<h5>La Cina ha un clima continentale e stagionale. La maggior parte delle zone si trova nella zona temperata, ma le aree meridionali sono nella zona tropicale o subtropicale, mentre le aree settentrionali sono nella zona frigorifera.  I climi delle diverse aree sono complicati. Ad esempio, la provincia settentrionale di Heilongjiang ha un clima invernale tutto l'anno senza estate, mentre l'isola di Hainan ha un clima estivo tutto l'anno senza inverno.  Di seguito \u00e8 riportata una tabella di riferimento per i turisti che devono preparare l'abbigliamento per i loro viaggi.<\/h5>\n<h5>Temperatura a Pechino in ottobre: circa 12\u00b0C.<\/h5>\n<h5>Temperatura a Lhasa in ottobre: circa 8\u00b0C.<\/h5>\n<h5><\/h5>\n<h5>Uso dell'inglese in Cina:<\/h5>\n<h5>La maggior parte degli impiegati pubblici, dei funzionari doganali, della polizia, del personale alberghiero e dei tipici uomini di strada non parlano inglese o al massimo un'infarinatura di inglese.<\/h5>\n<h5>La maggior parte dei cartelli e degli avvisi riporta <strong>sia in inglese che in cinese<\/strong>. Tuttavia, bisogna essere consapevoli che alcune traduzioni possono essere cos\u00ec famigerate che difficilmente si riesce a capire quale fosse l'intenzione originale cinese.<\/h5>\n<h5>Non aspettatevi che gli hotel o i negozi capiscano l'inglese. Solo gli hotel molto grandi o di classe business avranno personale in grado di capire o parlare inglese.<\/h5>\n<h5>La maggior parte dei giovani \u00e8 in grado di capire l'inglese di base se si parla lentamente. Anche se assumete un traduttore professionista, non stupitevi se non ha una buona padronanza dell'inglese. Assicuratevi di affidarvi a un fornitore di servizi professionale in grado di fornire buoni traduttori.<\/h5>\n<h5><\/h5>\n<h5>Cibo cinese:<\/h5>\n<h5>Il cibo cinese locale \u00e8 assolutamente favoloso. Provate quanto <strong>Cibo cinese<\/strong> quanto il vostro portafoglio o il vostro stomaco possono permettersi. I ristoranti sono disponibili ovunque e sono aperti fino a tarda ora. La maggior parte dei ristoranti ha un menu che include fotografie dei vari piatti. Meglio ancora, basta indicare il cibo che sta mangiando il tavolo accanto, soprattutto se sembra delizioso!!!<\/h5>\n<h5>Tuttavia, evitate le bancarelle lungo le strade e di bere direttamente dai rubinetti se avete lo stomaco delicato.<\/h5>\n<h5><\/h5>\n<h5>Internet in Cina:<\/h5>\n<h5>Ci sono cyber-caff\u00e8 ovunque in Cina, soprattutto nelle zone turistiche. La maggior parte \u00e8 frequentata da giovani che giocano online, ma \u00e8 comunque possibile controllare Hotmail, Yahoo o Gmail. L'accesso pu\u00f2 essere un po' lento per i siti web internazionali.<\/h5>\n<h5>\u00c8 necessario mostrare <strong>il passaporto<\/strong> poich\u00e9 la Cina ha norme severe per i cybercaf\u00e9 di Internet.<\/h5>\n<h5><\/h5>\n<h5>Toilette in Cina:<\/h5>\n<h5>Una delle peggiori esperienze che molti hanno avuto con la Cina \u00e8 l'atroce dotazione di servizi igienici. La situazione \u00e8 molto migliorata, ma pu\u00f2 ancora essere una buona idea svuotare lo stomaco o la vescica ad ogni occasione in un hotel, un ristorante o un grande magazzino. I bagni pubblici e le toilette dei piccoli negozi possono essere un pericolo per il naso!<\/h5>\n<h5><\/h5>\n<h5>Prodotti cinesi popolari:<\/h5>\n<h5><\/h5>\n<h5>Seta:  La seta cinese \u00e8 famosa nel mondo per la sua magnifica qualit\u00e0, i suoi colori e la sua variet\u00e0. Esempi rappresentativi sono il broccato di Hangzhou, il broccato di Sichuan di Chengdu, la seta fine e resistente e il cr\u00eape di seta pura di Suzhou e la seta tussah di Dandong.<\/h5>\n<h5><\/h5>\n<h5>Il t\u00e8: La Cina \u00e8 la patria del t\u00e8. Il t\u00e8 si divide in verde, nero, profumato, bianco e Wulong. Il Longjing (t\u00e8 verde) e il Biluochun (t\u00e8 verde) sono famosi in tutto il mondo.<\/h5>\n<h5><\/h5>\n<h5>Liquori e vini: Fin dall'antichit\u00e0, i liquori e i vini cinesi si sono sviluppati in modo unico e hanno vinto molti premi internazionali. I liquori pi\u00f9 famosi sono il Maotai del Guizhou, il Fen e lo Zhuyeqing dello Shanxi, il Wuliangye, il Jiannanchun e il Luzhou Laojiao del Sichuan, il liquore tributo Gujing dell'Anhui, lo Yanghe Daqu del Jiangsu e il liquore Dong del Guizhou. I vini di frutta includono il brandy con medaglia d'oro, il vino d'uva rossa e il Weimeisi di Yantai, il vino d'uva rossa cinese di Pechino, il vino d'uva bianca Shacheng di Hebei e il vino d'uva bianca Minquan di Henan. I vini di riso giallo comprendono il vino di riso di Shaoxing, il vino in barattolo di Longyan e il vino in barattolo sigillato di Danyang. Yanjing e Qingdao sono due marchi famosi delle numerose variet\u00e0 di birre pregiate disponibili in Cina.<\/h5>\n<h5><\/h5>\n<h5>Medicina tradizionale cinese: Il corpo di conoscenze che costituisce la medicina tradizionale cinese (MTC) \u00e8 stato accumulato nel corso di migliaia di anni. \u00c8 una scuola a s\u00e9 stante. Numerose erbe e altre droghe vengono utilizzate per la loro elevata efficacia curativa e quelle con un alto valore tonico sono le preferite dai cinesi.<\/h5>\n<h5><\/h5>\n<h5>Mancia:<\/h5>\n<h5>Se viaggiate in un gruppo piccolo, da 2 a 5 persone, suggeriamo circa $8 a $10 \/per ospite al giorno come mancia per la guida turistica e $4 a $6 per l'autista e circa $2 a $3 per i fattorini dell'hotel come ringraziamento per il loro servizio.<\/h5>\n<h5><\/h5>\n<h5>Fotografia:<\/h5>\n<h5>\u00c8 possibile fotografare nella maggior parte dei luoghi, tranne che nella maggior parte dei musei e dei siti archeologici, mentre alcune istituzioni consentono di scattare foto pagando una tassa in anticipo.<\/h5>\n<h5>chiedete prima il permesso se cercate di fotografare le persone da vicino.<\/h5>\n<h5>\u00c8 consigliabile avere con s\u00e9 dei filtri, perch\u00e9 a volte la citt\u00e0\/zona da visitare pu\u00f2 essere nebulosa.<\/h5>\n<h5><\/h5>\n<h5>Consigli utili:<\/h5>\n<h5>- Chiedete sempre una ricevuta al tassista, in modo da potervi lamentare se siete stati truffati o per rintracciare la macchina fotografica che avete lasciato nel taxi.<\/h5>\n<h5><\/h5>\n<h5>- Cercate di portare con voi la carta del nome di ogni hotel in cui soggiornate, perch\u00e9 queste carte hanno un nome e un cognome che vi permettono di conoscere il vostro nome. <strong>Indirizzo cinese<\/strong> e la mappa della posizione dell'hotel. Questo \u00e8 utile nel caso in cui dobbiate chiedere assistenza per ritrovare la strada, poich\u00e9 la versione o la pronuncia inglese di un hotel o il nome di una strada possono essere molto diversi dalla versione cinese.<\/h5>\n<h5><\/h5>\n<h5>- I mesi migliori per visitare la Cina sono aprile, maggio, settembre e ottobre, poich\u00e9 tutti hanno una temperatura confortevole.<\/h5>\n<p>&nbsp;<\/p>\n<table class=\"t1\" style=\"height: 59px;\" width=\"601\" cellspacing=\"0\" cellpadding=\"0\">\n<tbody>\n<tr>\n<td class=\"td1\" valign=\"top\">\n<p class=\"p1\"><b>Tariffa pacchetto P.P in camera doppia<\/b><\/p>\n<\/td>\n<td class=\"td2\" valign=\"top\">\n<p class=\"p1\"><b>Euro 4860<\/b><\/p>\n<\/td>\n<\/tr>\n<\/tbody>\n<\/table>\n<h2><\/h2>\n<h2>La tariffa del pacchetto include:<\/h2>\n<p>\u03a9 5 notti all'Hotel The Peninsula (5*) a Pechino in regime di BB (colazione giornaliera).<br \/>\n\u03a9 2 notti all'hotel Sofitel (5*) di Xi'an in regime di BB (colazione giornaliera).<br \/>\n\u03a9 2 notti al Regal International East Asia Hotel (5*) di Shanghai in regime di BB (colazione giornaliera).<br \/>\n\u03a9 1 notte al Garden Hotel (5*) di Suzhou in regime di BB (colazione giornaliera).<br \/>\n\u03a9 3 notti al Narada Garden Hotel (5*) di Hangzhou in regime di BB (colazione giornaliera).<br \/>\n\u03a9 4 notti al Crown Plaza Hotel (5*) di Hong Kong su base RO.<br \/>\n\u03a9 Biglietto aereo ( Pechino\/Xi'an - Xi'an\/Shanghai - Hangzhou\/Hong Kong - Hong Kong\/Pechino ) Classe economica.<br \/>\n\u03a9 Tutti i trasferimenti a Pechino, Xi'an, Shanghai, Suzhou, Hangzhou, Hong Kong in pullman privato A\/C.<br \/>\n\u03a9 Tour di un'intera giornata a Pechino per visitare Piazza Tienanmen, la Citt\u00e0 Proibita, il tour degli hutong, il Palazzo di Price Gong con l'inglese<br \/>\nGuida parlante e A\/C Coash privato e pranzo incluso.<br \/>\n\u03a9 Tour di un'intera giornata a Pechino per visitare la Tomba di Ding, la Via Sacra, la Grande Muraglia con guida in lingua inglese e privato.<br \/>\nA\/C Coash e pranzo incluso.<br \/>\nTour di un'intera giornata a Pechino per visitare il Tempio del Cielo, il Palazzo d'Estate, una gita in barca nel lago di Kunming con l'inglese.<br \/>\nGuida parlante e A\/C Coash privato e pranzo incluso.<br \/>\nTour di un'intera giornata a Xi'an per visitare la Muraglia, la Torre della Campana, la Grande Moschea, la Pagoda dell'Oca Selvatica con l'inglese.<br \/>\nGuida parlante e A\/C Coash privato e pranzo incluso.<br \/>\nCena con un banchetto di ravioli con spettacolo della dinastia Tang a Xi'an.<br \/>\n\u03a9 Tour di un'intera giornata a Xi'an per visitare il Museo dei guerrieri di terracotta e dei cavalli Qin, il Museo provinciale dello Shaanxi e la notte.<br \/>\nMercato con guida in inglese e pullman privato con A\/C e pranzo incluso.<br \/>\n\u03a9 Tour di un'intera giornata a Shanghai per visitare il Museo Hangyangling, la gita in barca sul fiume Huangpu e il Bund in stile europeo.<br \/>\ncon guida in inglese e pullman privato con A\/C e pranzo incluso.<br \/>\nTour di un'intera giornata a Shanghai per visitare l'Antico Tempio di Dio della Citt\u00e0, il Giardino di Yuyuan, la Zona di Sviluppo di Pudong, Tiangzifang,<br \/>\nArea di Xintiandi con guida in lingua inglese e pullman privato con aria condizionata e pranzo incluso.<br \/>\nTour di un'intera giornata a Suzhou per visitare l'antica citt\u00e0 d'acqua di Tongli (lungo il percorso), il giardino di Zhouzheng con guida in inglese.<br \/>\nguida e A\/C Coash privato e pranzo incluso.<br \/>\n\u03a9 Tour di un'intera giornata a Suzhou per visitare il Giardino della Foresta del Leone, la gita in barca sul Canal Grande e il Museo dell'Opera di Kunqu.<br \/>\nGuida in inglese e pullman privato con A\/C e pranzo incluso.<br \/>\n\u03a9 Tour di un'intera giornata a Hangzhou per visitare il Porto dei Fiori, il Giardino di Quyuan, il Tempio di Lingyin, la Pagoda di Liuhe e la gita in barca sul fiume.<br \/>\nLago Ovest con guida in inglese e A\/C privato e pranzo incluso.<br \/>\nTour di un'intera giornata a Hangzhou per visitare la Grotta della Tigre, il Museo della Medicina Cinese di Huqinyuyuan e Xilingyinshe.<br \/>\nGuida parlante e A\/C Coash privato e pranzo incluso.<br \/>\n\u03a9 Tutti i biglietti d'ingresso per tutti i luoghi storici.<\/p>\n<h2>La tariffa del pacchetto esclude:<\/h2>\n<p>Suggerimenti.<br \/>\n\u03a9 Spese personali.<br \/>\n\u03a9 Servizi non menzionati nella nostra offerta.<br \/>\n\u03a9 Spettacolo acrobatico a Shanghai 70 euro a persona.<br \/>\n\u03a9 Master-Of-Net Garden Festa classica notturna in giardino: Euro 60 a persona.<br \/>\n\u03a9 Impression West Lake Show: Euro 70 a persona.<\/p>","protected":false},"excerpt":{"rendered":"<p>La Cina ha un clima continentale e stagionale. La maggior parte delle zone si trova nella zona temperata, ma le aree meridionali si trovano nella zona tropicale o subtropicale, mentre le aree settentrionali si trovano nella zona frigorifera.<\/p>","protected":false},"featured_media":5334,"comment_status":"open","ping_status":"closed","template":"","meta":[],"product_cat":[36,30,32,28,38,39,44,45,46,47,48,50,51,49,52],"product_tag":[],"class_list":["post-5728","product","type-product","status-publish","has-post-thumbnail","hentry","product_cat-exclusive-packages","product_cat-muslim-pilgrimage","product_cat-christian-pilgrimage","product_cat-christmas-packages","product_cat-women-packages","product_cat-gastronomy-food-adventures","product_cat-honeymoon-trips","product_cat-sea-cruise","product_cat-go-luxury","product_cat-accessible-trips","product_cat-mice","product_cat-medical-wellness","product_cat-next-to-nature","product_cat-agri-tourism","product_cat-enchanting-desert"],"aioseo_notices":[],"_links":{"self":[{"href":"https:\/\/stargatetravel.it\/it\/wp-json\/wp\/v2\/product\/5728","targetHints":{"allow":["GET"]}}],"collection":[{"href":"https:\/\/stargatetravel.it\/it\/wp-json\/wp\/v2\/product"}],"about":[{"href":"https:\/\/stargatetravel.it\/it\/wp-json\/wp\/v2\/types\/product"}],"replies":[{"embeddable":true,"href":"https:\/\/stargatetravel.it\/it\/wp-json\/wp\/v2\/comments?post=5728"}],"wp:featuredmedia":[{"embeddable":true,"href":"https:\/\/stargatetravel.it\/it\/wp-json\/wp\/v2\/media\/5334"}],"wp:attachment":[{"href":"https:\/\/stargatetravel.it\/it\/wp-json\/wp\/v2\/media?parent=5728"}],"wp:term":[{"taxonomy":"product_cat","embeddable":true,"href":"https:\/\/stargatetravel.it\/it\/wp-json\/wp\/v2\/product_cat?post=5728"},{"taxonomy":"product_tag","embeddable":true,"href":"https:\/\/stargatetravel.it\/it\/wp-json\/wp\/v2\/product_tag?post=5728"}],"curies":[{"name":"wp","href":"https:\/\/api.w.org\/{rel}","templated":true}]}}