{"id":5813,"date":"2022-11-25T12:00:25","date_gmt":"2022-11-25T12:00:25","guid":{"rendered":"http:\/\/stargatetravel.it\/?post_type=product&#038;p=5813"},"modified":"2022-12-19T10:30:29","modified_gmt":"2022-12-19T10:30:29","slug":"koray-ege-yacht","status":"publish","type":"product","link":"https:\/\/stargatetravel.it\/it\/product\/koray-ege-yacht\/","title":{"rendered":"Koray Ege Yacht"},"content":{"rendered":"<h2>Panoramica<\/h2>\n<p>Koray Ege pu\u00f2 ospitare comodamente 12 persone con le sue 2 cabine armatoriali, 2 doppie e 2 matrimoniali ed \u00e8 gestita da un equipaggio esperto e dedicato. Koray Ege \u00e8 disponibile per il noleggio in Turchia e nel Mediterraneo in estate (da maggio a ottobre). I giocattoli e i tender di Koray Ege includono VHF, ecoscandaglio, radar, GPS, bussola, apparecchiature di comunicazione satellitare, tutte le attrezzature di navigazione.<\/p>\n<p class=\"p1\"><b>Dettagli sullo yacht:<\/b><\/p>\n<p class=\"p2\">Lunghezza: 29 metri<\/p>\n<p class=\"p2\">Fascio: 7,5 metri<\/p>\n<p class=\"p2\">Velocit\u00e0 di crociera: 10 nodi<\/p>\n<p class=\"p2\">Serbatoio dell'acqua: 8000 litri<\/p>\n<p class=\"p2\">Equipaggio: Capitano, Chef, 1 marinaio<\/p>\n<p class=\"p2\">Orario di check-in dopo: 04:00 PM<\/p>\n<p class=\"p2\">Orario di check-out Fino a: 10:00 AM<\/p>\n<p class=\"p1\"><b>Prezzi<span class=\"Apple-converted-space\">\u00a0<\/span><\/b><\/p>\n<p class=\"p2\">Maggio \u20acuro 1.750\/giorno<\/p>\n<p class=\"p2\">Giugno \u20acuro 2.250\/giorno<\/p>\n<p class=\"p2\">Luglio \u20acuro 1.500\/giorno<\/p>\n<p class=\"p2\">Agosto \u20acuro 2.750\/giorno<\/p>\n<p class=\"p2\">Settembre \u20acuro 2.250\/giorno<\/p>\n<p class=\"p2\">Ottobre \u20acuro 1.750\/giorno<\/p>\n<p class=\"p1\"><b>Il prezzo esclude:<\/b><\/p>\n<p class=\"p2\">Cibo (a partire da 380 euro a persona\/settimana),<\/p>\n<p class=\"p2\">Bevande (in base al consumo)<\/p>\n<p class=\"p2\">Tasse portuali e turistiche (tasse portuali, marine private e tutte le tasse doganali)<\/p>\n<p class=\"p2\">IVA<\/p>\n<h2><strong>Dettagli cabina<\/strong><\/h2>\n<p>2 cabine armatoriali: Cabina con letto matrimoniale. Bagno privato con box doccia e servizi igienici di tipo domestico.<\/p>\n<p>2 Cabine doppie: Cabina con letto matrimoniale. Bagno privato con box doccia e servizi igienici di tipo domestico.<\/p>\n<p>2 Cabine doppie: Cabina con due letti singoli. Bagno privato con box doccia e servizi igienici di tipo domestico.<\/p>\n<p>&nbsp;<\/p>\n<h2><strong>Descrizione della cabina:<\/strong><\/h2>\n<p>Aria condizionata: Aria condizionata per un numero illimitato di ore inclusa nel prezzo al giorno.<\/p>\n<p>Servizi in tutte le cabine: armadio, elettricit\u00e0 24 V\/220, cassetta di sicurezza.<\/p>\n<p>Info sulla biancheria da letto: le lenzuola sono incluse nel prezzo<\/p>\n<p>Pagamento extra per cambi di letto aggiuntivi: n\/a<\/p>\n<p>Servizio in cabina: le cabine vengono pulite su richiesta.<\/p>\n<p>&nbsp;<\/p>\n<h2><strong>Descrizione del bagno:<\/strong><\/h2>\n<p>Servizi igienici: WC di tipo domestico in tutte le cabine<\/p>\n<p>Docce: box doccia<\/p>\n<p>Servizi in tutti i bagni: shampoo, carta igienica, sapone, asciugacapelli<\/p>\n<p>Asciugamani da spiaggia: 1 a persona a settimana<\/p>\n<p>Asciugamani da bagno: 3 asciugamani per le mani, 3 asciugamani per il viso e 3 asciugamani grandi per persona a settimana<\/p>\n<p>Asciugamani da spiaggia o da bagno aggiuntivi: su richiesta<\/p>\n<p>&nbsp;<\/p>\n<h2><strong>Koray Ege Info sul mazzo:<\/strong><\/h2>\n<p>Canoa<\/p>\n<p>Attrezzature per lo snorkeling<\/p>\n<p>Attrezzature per la pesca<\/p>\n<p>Materassi solari<\/p>\n<p>Vela parasole per l'ombra davanti allo yacht<\/p>\n<p>Area di svago nella parte posteriore del ponte in arrivo<\/p>\n<p>Doccia sul ponte<\/p>\n<p>&nbsp;<\/p>\n<h2><strong>Koray Ege Salon Info:<\/strong><\/h2>\n<p>Satellite<\/p>\n<p>TV e lettore DVD<\/p>\n<p>Radio VHF<\/p>\n<p>Sistema musicale<\/p>\n<p>Wifi<\/p>\n<p>Giochi di carte<\/p>\n<p>Fabbricatore di ghiaccio<\/p>\n<p>Aria condizionata<\/p>\n<p>Equipaggiamento di sicurezza completo e regolamentare<\/p>\n<p>Possibilit\u00e0 di mangiare nel salone in caso di maltempo<\/p>","protected":false},"excerpt":{"rendered":"<p>Koray Ege pu\u00f2 ospitare comodamente 12 persone con le sue 2 cabine armatoriali, 2 doppie e 2 matrimoniali ed \u00e8 gestita da un equipaggio esperto e dedicato.<\/p>","protected":false},"featured_media":5611,"comment_status":"open","ping_status":"closed","template":"","meta":[],"product_cat":[45],"product_tag":[],"class_list":["post-5813","product","type-product","status-publish","has-post-thumbnail","hentry","product_cat-sea-cruise"],"aioseo_notices":[],"_links":{"self":[{"href":"https:\/\/stargatetravel.it\/it\/wp-json\/wp\/v2\/product\/5813","targetHints":{"allow":["GET"]}}],"collection":[{"href":"https:\/\/stargatetravel.it\/it\/wp-json\/wp\/v2\/product"}],"about":[{"href":"https:\/\/stargatetravel.it\/it\/wp-json\/wp\/v2\/types\/product"}],"replies":[{"embeddable":true,"href":"https:\/\/stargatetravel.it\/it\/wp-json\/wp\/v2\/comments?post=5813"}],"wp:featuredmedia":[{"embeddable":true,"href":"https:\/\/stargatetravel.it\/it\/wp-json\/wp\/v2\/media\/5611"}],"wp:attachment":[{"href":"https:\/\/stargatetravel.it\/it\/wp-json\/wp\/v2\/media?parent=5813"}],"wp:term":[{"taxonomy":"product_cat","embeddable":true,"href":"https:\/\/stargatetravel.it\/it\/wp-json\/wp\/v2\/product_cat?post=5813"},{"taxonomy":"product_tag","embeddable":true,"href":"https:\/\/stargatetravel.it\/it\/wp-json\/wp\/v2\/product_tag?post=5813"}],"curies":[{"name":"wp","href":"https:\/\/api.w.org\/{rel}","templated":true}]}}