{"id":5819,"date":"2022-11-25T12:16:36","date_gmt":"2022-11-25T12:16:36","guid":{"rendered":"http:\/\/stargatetravel.it\/?post_type=product&#038;p=5819"},"modified":"2022-12-19T10:27:18","modified_gmt":"2022-12-19T10:27:18","slug":"cobra-king-motorsailer","status":"publish","type":"product","link":"https:\/\/stargatetravel.it\/it\/product\/cobra-king-motorsailer\/","title":{"rendered":"Cobra King Motorsailer"},"content":{"rendered":"<h2>Panoramica<\/h2>\n<p>Il 34 MT Super Deluxe Motorsailer Cobra King pu\u00f2 ospitare comodamente 12 persone con 1 VIP, 2 Master, 2 cabine doppie ed \u00e8 gestito da 6 persone di equipaggio esperto e dedicato. Cobra King \u00e8 disponibile per il noleggio in Turchia e nel Mediterraneo in estate (da maggio a ottobre).<\/p>\n<p class=\"p1\"><b>Dettagli sullo yacht:<\/b><\/p>\n<p class=\"p2\">Lunghezza: 34 metri<\/p>\n<p class=\"p2\">Fascio: 8 metri<\/p>\n<p class=\"p2\">Velocit\u00e0 di crociera: 12 nodi<\/p>\n<p class=\"p2\">Serbatoio dell'acqua: X litri<\/p>\n<p class=\"p2\">Equipaggio: Capitano, Chef, 1 marinaio<\/p>\n<p class=\"p2\">Orario di check-in dopo: 04:00 PM<\/p>\n<p class=\"p2\">Orario di check-out Fino a: 10:00 AM<\/p>\n<p class=\"p1\"><b>Prezzi<span class=\"Apple-converted-space\">\u00a0<\/span><\/b><\/p>\n<p class=\"p2\">Maggio \u20acuro 3.000\/giorno<\/p>\n<p class=\"p2\">Giugno \u20acuro 3.750\/giorno<\/p>\n<p class=\"p2\">Luglio \u20acuro 5.250\/giorno<\/p>\n<p class=\"p2\">Agosto \u20acuro 5.250\/giorno<\/p>\n<p class=\"p2\">Settembre \u20acuro 3.750\/giorno<\/p>\n<p class=\"p2\">Ottobre \u20acuro 3.000\/giorno<\/p>\n<p class=\"p1\"><b>Il prezzo esclude:<\/b><\/p>\n<p class=\"p2\">Cibo.<\/p>\n<p class=\"p2\">Bevande.<\/p>\n<p class=\"p2\">Tasse portuali e turistiche.<\/p>\n<p class=\"p2\">IVA.<\/p>\n<h2><strong>Dettagli cabina<\/strong><\/h2>\n<p>2 cabine armatoriali: Cabina con letto matrimoniale. Bagno privato con box doccia e servizi igienici di tipo domestico.<\/p>\n<p>2 Cabine doppie: Cabina con letto matrimoniale. Bagno privato con box doccia e servizi igienici di tipo domestico.<\/p>\n<p>2 Cabine doppie: Cabina con due letti singoli. Bagno privato con box doccia e servizi igienici di tipo domestico.<\/p>\n<p>&nbsp;<\/p>\n<h2><strong>Descrizione della cabina:<\/strong><\/h2>\n<p>Aria condizionata: Aria condizionata per un numero illimitato di ore inclusa nel prezzo al giorno.<\/p>\n<p>Servizi in tutte le cabine: armadio, elettricit\u00e0 24 V\/220, cassetta di sicurezza.<\/p>\n<p>Info sulla biancheria da letto: le lenzuola sono incluse nel prezzo<\/p>\n<p>Pagamento extra per cambi di letto aggiuntivi: n\/a<\/p>\n<p>Servizio in cabina: le cabine vengono pulite su richiesta.<\/p>\n<p>&nbsp;<\/p>\n<h2><strong>Descrizione del bagno:<\/strong><\/h2>\n<p>Servizi igienici: WC di tipo domestico in tutte le cabine<\/p>\n<p>Docce: box doccia<\/p>\n<p>Servizi in tutti i bagni: shampoo, carta igienica, sapone, asciugacapelli<\/p>\n<p>Asciugamani da spiaggia: 1 a persona a settimana<\/p>\n<p>Asciugamani da bagno: 3 asciugamani per le mani, 3 asciugamani per il viso e 3 asciugamani grandi per persona a settimana<\/p>\n<p>Asciugamani da spiaggia o da bagno aggiuntivi: su richiesta<\/p>\n<p>&nbsp;<\/p>\n<h2><strong>Informazioni sul ponte Cobra King:<\/strong><\/h2>\n<p>Gommone con motore fuoribordo da 100 Hp<\/p>\n<p>Stand Up Paddle Board<\/p>\n<p>Sci nautico<\/p>\n<p>Wakeboard<\/p>\n<p>Ringo<\/p>\n<p>Canoa<\/p>\n<p>Attrezzature per lo snorkeling<\/p>\n<p>Attrezzature per la pesca<\/p>\n<p>Materassi solari<\/p>\n<p>Vela parasole per l'ombra davanti al caicco<\/p>\n<p>Area di svago nella parte posteriore del ponte in arrivo<\/p>\n<p>Doccia sul ponte<\/p>\n<p>&nbsp;<\/p>\n<h2><strong>Info sul salone Cobra King:<\/strong><\/h2>\n<p>Satellite<\/p>\n<p>TV e DVD<\/p>\n<p>Wifi<\/p>\n<p>Radio VHF<\/p>\n<p>Giochi di carte<\/p>\n<p>Fabbricatore di ghiaccio<\/p>\n<p>Fabbricante d'acqua<\/p>\n<p>Aria condizionata<\/p>\n<p>Equipaggiamento di sicurezza completo e regolamentare<\/p>\n<p>Possibilit\u00e0 di mangiare nel salone in caso di maltempo<\/p>","protected":false},"excerpt":{"rendered":"<p>Il 34 MT Super Deluxe Motorsailer Cobra King pu\u00f2 ospitare comodamente 12 persone con 1 VIP, 2 Master, 2 cabine doppie ed \u00e8 gestito da 6 persone di equipaggio esperte e dedicate.<\/p>","protected":false},"featured_media":5447,"comment_status":"open","ping_status":"closed","template":"","meta":[],"product_cat":[45],"product_tag":[],"class_list":["post-5819","product","type-product","status-publish","has-post-thumbnail","hentry","product_cat-sea-cruise"],"aioseo_notices":[],"_links":{"self":[{"href":"https:\/\/stargatetravel.it\/it\/wp-json\/wp\/v2\/product\/5819","targetHints":{"allow":["GET"]}}],"collection":[{"href":"https:\/\/stargatetravel.it\/it\/wp-json\/wp\/v2\/product"}],"about":[{"href":"https:\/\/stargatetravel.it\/it\/wp-json\/wp\/v2\/types\/product"}],"replies":[{"embeddable":true,"href":"https:\/\/stargatetravel.it\/it\/wp-json\/wp\/v2\/comments?post=5819"}],"wp:featuredmedia":[{"embeddable":true,"href":"https:\/\/stargatetravel.it\/it\/wp-json\/wp\/v2\/media\/5447"}],"wp:attachment":[{"href":"https:\/\/stargatetravel.it\/it\/wp-json\/wp\/v2\/media?parent=5819"}],"wp:term":[{"taxonomy":"product_cat","embeddable":true,"href":"https:\/\/stargatetravel.it\/it\/wp-json\/wp\/v2\/product_cat?post=5819"},{"taxonomy":"product_tag","embeddable":true,"href":"https:\/\/stargatetravel.it\/it\/wp-json\/wp\/v2\/product_tag?post=5819"}],"curies":[{"name":"wp","href":"https:\/\/api.w.org\/{rel}","templated":true}]}}