{"id":5820,"date":"2022-11-25T12:21:42","date_gmt":"2022-11-25T12:21:42","guid":{"rendered":"http:\/\/stargatetravel.it\/?post_type=product&#038;p=5820"},"modified":"2022-12-19T10:26:59","modified_gmt":"2022-12-19T10:26:59","slug":"simay-s-yacht","status":"publish","type":"product","link":"https:\/\/stargatetravel.it\/it\/product\/simay-s-yacht\/","title":{"rendered":"Simay S Yacht"},"content":{"rendered":"<h2>Panoramica<\/h2>\n<p>Il 25 MT \/ 82'02\" FT Motor Yacht Simay S pu\u00f2 ospitare comodamente 10 ospiti con le sue 3 cabine armatoriali e 2 cabine doppie ed \u00e8 gestito da 4 persone di equipaggio esperto e dedicato. Simay S \u00e8 disponibile per il noleggio in Turchia e nel Mediterraneo in estate (da maggio a ottobre). I giocattoli e i tender di Simay S includono VHF, ecoscandaglio, radar, GPS, bussola, apparecchiature di comunicazione satellitare, tutte le attrezzature di navigazione.<\/p>\n<p class=\"p1\"><b>Dettagli sullo yacht:<\/b><\/p>\n<p class=\"p2\">Lunghezza: 25 metri<\/p>\n<p class=\"p2\">Fascio: 6,8 metri<\/p>\n<p class=\"p2\">Velocit\u00e0 di crociera: 12 nodi<\/p>\n<p class=\"p2\">Serbatoio dell'acqua: 6000 litri<\/p>\n<p class=\"p2\">Equipaggio: Capitano, Chef, 1 marinaio<\/p>\n<p class=\"p2\">Orario di check-in dopo: 04:00 PM<\/p>\n<p class=\"p2\">Orario di check-out Fino a: 10:00 AM<\/p>\n<p class=\"p1\"><b>Prezzi<span class=\"Apple-converted-space\">\u00a0<\/span><\/b><\/p>\n<p class=\"p2\">Maggio \u20acuro 2.000\/giorno<\/p>\n<p class=\"p2\">Giugno \u20acuro 2.500\/giorno<\/p>\n<p class=\"p2\">Luglio \u20acuro 3.000\/giorno<\/p>\n<p class=\"p2\">Agosto \u20acuro 3.000\/giorno<\/p>\n<p class=\"p2\">Settembre \u20acuro 2.500\/giorno<\/p>\n<p class=\"p2\">Ottobre \u20acuro 2.000\/giorno<\/p>\n<p class=\"p1\"><b>Il prezzo esclude:<\/b><\/p>\n<p class=\"p2\">Cibo.<\/p>\n<p class=\"p2\">Bevande.<\/p>\n<p class=\"p2\">Tasse portuali e turistiche.<\/p>\n<p class=\"p2\">IVA.<\/p>\n<h2><strong>Dettagli cabina<\/strong><\/h2>\n<p>3 cabine armatoriali: Cabina con letto matrimoniale. Bagno privato con box doccia e servizi igienici di tipo domestico.<\/p>\n<p>2 Cabine doppie: Cabina con due letti singoli. Bagno privato con box doccia e servizi igienici di tipo domestico.<\/p>\n<p>&nbsp;<\/p>\n<h2><strong>Descrizione della cabina:<\/strong><\/h2>\n<p>Aria condizionata: Aria condizionata per un numero illimitato di ore inclusa nel prezzo al giorno.<\/p>\n<p>Servizi in tutte le cabine: armadio, elettricit\u00e0 24 V\/220, cassetta di sicurezza.<\/p>\n<p>Info sulla biancheria da letto: le lenzuola sono incluse nel prezzo<\/p>\n<p>Pagamento extra per cambi di letto aggiuntivi: n\/a<\/p>\n<p>Servizio in cabina: le cabine vengono pulite su richiesta.<\/p>\n<p>&nbsp;<\/p>\n<h2><strong>Descrizione del bagno:<\/strong><\/h2>\n<p>Servizi igienici: WC di tipo domestico in tutte le cabine<\/p>\n<p>Docce: box doccia<\/p>\n<p>Servizi in tutti i bagni: shampoo, carta igienica, sapone, asciugacapelli<\/p>\n<p>Asciugamani da spiaggia: 1 a persona a settimana<\/p>\n<p>Asciugamani da bagno: 3 asciugamani per le mani, 3 asciugamani per il viso e 3 asciugamani grandi per persona a settimana<\/p>\n<p>Asciugamani da spiaggia o da bagno aggiuntivi: su richiesta<\/p>\n<p>&nbsp;<\/p>\n<h2><strong>Simay S Deck Info:<\/strong><\/h2>\n<p>Jacuzzi<\/p>\n<p>Attrezzature per lo snorkeling<\/p>\n<p>Attrezzature per la pesca<\/p>\n<p>Materassi solari<\/p>\n<p>Vela parasole per l'ombra davanti allo yacht<\/p>\n<p>Area di svago nella parte posteriore del ponte in arrivo<\/p>\n<p>Doccia sul ponte<\/p>\n<p>&nbsp;<\/p>\n<h2><strong>Simay F Salon Info:<\/strong><\/h2>\n<p>Satellite<\/p>\n<p>TV e DVD<\/p>\n<p>Wifi<\/p>\n<p>Radio VHF<\/p>\n<p>Giochi di carte<\/p>\n<p>Fabbricatore di ghiaccio<\/p>\n<p>Fabbricante d'acqua<\/p>\n<p>Aria condizionata<\/p>\n<p>Equipaggiamento di sicurezza completo e regolamentare<\/p>\n<p>Possibilit\u00e0 di mangiare nel salone in caso di maltempo<\/p>","protected":false},"excerpt":{"rendered":"<p>The 25 MT \/ 82&#8217;02&#8221; FT Motor Yacht Simay S comfortably accommodates 10 guests with her 3 Master, 2 Twin Cabins and is operated by 4 experienced and dedicated crew.<\/p>","protected":false},"featured_media":5706,"comment_status":"open","ping_status":"closed","template":"","meta":[],"product_cat":[45],"product_tag":[],"class_list":["post-5820","product","type-product","status-publish","has-post-thumbnail","hentry","product_cat-sea-cruise"],"aioseo_notices":[],"_links":{"self":[{"href":"https:\/\/stargatetravel.it\/it\/wp-json\/wp\/v2\/product\/5820","targetHints":{"allow":["GET"]}}],"collection":[{"href":"https:\/\/stargatetravel.it\/it\/wp-json\/wp\/v2\/product"}],"about":[{"href":"https:\/\/stargatetravel.it\/it\/wp-json\/wp\/v2\/types\/product"}],"replies":[{"embeddable":true,"href":"https:\/\/stargatetravel.it\/it\/wp-json\/wp\/v2\/comments?post=5820"}],"wp:featuredmedia":[{"embeddable":true,"href":"https:\/\/stargatetravel.it\/it\/wp-json\/wp\/v2\/media\/5706"}],"wp:attachment":[{"href":"https:\/\/stargatetravel.it\/it\/wp-json\/wp\/v2\/media?parent=5820"}],"wp:term":[{"taxonomy":"product_cat","embeddable":true,"href":"https:\/\/stargatetravel.it\/it\/wp-json\/wp\/v2\/product_cat?post=5820"},{"taxonomy":"product_tag","embeddable":true,"href":"https:\/\/stargatetravel.it\/it\/wp-json\/wp\/v2\/product_tag?post=5820"}],"curies":[{"name":"wp","href":"https:\/\/api.w.org\/{rel}","templated":true}]}}