{"id":5848,"date":"2022-11-25T13:30:20","date_gmt":"2022-11-25T13:30:20","guid":{"rendered":"http:\/\/stargatetravel.it\/?post_type=product&#038;p=5848"},"modified":"2023-03-12T15:43:42","modified_gmt":"2023-03-12T15:43:42","slug":"kenya-wildlife-safari-7-days-vintage-kenya-safari-program","status":"publish","type":"product","link":"https:\/\/stargatetravel.it\/it\/product\/kenya-wildlife-safari-7-days-vintage-kenya-safari-program\/","title":{"rendered":"SAFARI DELLA FAUNA SELVATICA DEL KENYA 7 GIORNI PROGRAMMA SAFARI VINTAGE DEL KENYA"},"content":{"rendered":"<h2>Panoramica<\/h2>\n<p class=\"p1\"><span class=\"s1\"><b>DETTAGLI DEI COSTI BASATI SU UN VEICOLO SAFARI A 6 POSTI:<\/b><\/span><\/p>\n<table class=\"t1\" style=\"height: 1104px;\" width=\"857\" cellspacing=\"0\" cellpadding=\"0\">\n<tbody>\n<tr>\n<td class=\"td1\" valign=\"top\"><\/td>\n<td class=\"td2\" valign=\"top\">\n<p class=\"p4\"><b>Quando 2 persone<\/b><\/p>\n<\/td>\n<td class=\"td3\" valign=\"top\">\n<p class=\"p4\"><b>Quando 3 persone<\/b><\/p>\n<\/td>\n<td class=\"td4\" valign=\"top\">\n<p class=\"p4\"><b>Quando 4 persone<\/b><\/p>\n<\/td>\n<td class=\"td2\" valign=\"top\">\n<p class=\"p4\"><b>Quando 5 Pax<\/b><\/p>\n<\/td>\n<td class=\"td5\" valign=\"top\">\n<p class=\"p4\"><b>Quando 6 persone<\/b><\/p>\n<\/td>\n<\/tr>\n<tr>\n<td class=\"td6\" colspan=\"6\" valign=\"top\">\n<p class=\"p6\"><b>01 aprile - 30 giugno 2023<\/b><\/p>\n<\/td>\n<\/tr>\n<tr>\n<td class=\"td7\" valign=\"top\">\n<p class=\"p4\"><b>Per persona in condivisione<\/b><\/p>\n<\/td>\n<td class=\"td8\" valign=\"top\">\n<p class=\"p4\">Euro 1638<\/p>\n<\/td>\n<td class=\"td9\" valign=\"top\">\n<p class=\"p4\">Euro 1465<\/p>\n<\/td>\n<td class=\"td10\" valign=\"top\">\n<p class=\"p4\">Euro 1380<\/p>\n<\/td>\n<td class=\"td8\" valign=\"top\">\n<p class=\"p4\">Euro 1330<\/p>\n<\/td>\n<td class=\"td11\" valign=\"top\">\n<p class=\"p4\">Euro 1295<\/p>\n<\/td>\n<\/tr>\n<tr>\n<td class=\"td12\" valign=\"top\">\n<p class=\"p4\"><b>SRS<\/b><\/p>\n<\/td>\n<td class=\"td13\" valign=\"top\">\n<p class=\"p4\">Euro 110<\/p>\n<\/td>\n<td class=\"td14\" valign=\"top\">\n<p class=\"p4\">Euro 110<\/p>\n<\/td>\n<td class=\"td15\" valign=\"top\">\n<p class=\"p4\">Euro 110<\/p>\n<\/td>\n<td class=\"td13\" valign=\"top\">\n<p class=\"p4\">Euro 110<\/p>\n<\/td>\n<td class=\"td16\" valign=\"top\">\n<p class=\"p4\">Euro 110<\/p>\n<\/td>\n<\/tr>\n<tr>\n<td class=\"td17\" colspan=\"6\" valign=\"top\">\n<p class=\"p4\"><b>01 luglio - 30 settembre 2023<\/b><\/p>\n<\/td>\n<\/tr>\n<tr>\n<td class=\"td12\" valign=\"top\">\n<p class=\"p4\"><b>Per persona in condivisione<\/b><\/p>\n<\/td>\n<td class=\"td13\" valign=\"top\">\n<p class=\"p4\">Euro 2325<\/p>\n<\/td>\n<td class=\"td14\" valign=\"top\">\n<p class=\"p4\">Euro 2155<\/p>\n<\/td>\n<td class=\"td15\" valign=\"top\">\n<p class=\"p4\">Euro 2070<\/p>\n<\/td>\n<td class=\"td13\" valign=\"top\">\n<p class=\"p4\">Euro 2020<\/p>\n<\/td>\n<td class=\"td16\" valign=\"top\">\n<p class=\"p4\">Euro 1985<\/p>\n<\/td>\n<\/tr>\n<tr>\n<td class=\"td7\" valign=\"top\">\n<p class=\"p4\"><b>SRS<\/b><\/p>\n<\/td>\n<td class=\"td8\" valign=\"top\">\n<p class=\"p4\">Euro 600<\/p>\n<\/td>\n<td class=\"td9\" valign=\"top\">\n<p class=\"p4\">Euro 600<\/p>\n<\/td>\n<td class=\"td10\" valign=\"top\">\n<p class=\"p4\">Euro 600<\/p>\n<\/td>\n<td class=\"td8\" valign=\"top\">\n<p class=\"p4\">Euro 600<\/p>\n<\/td>\n<td class=\"td11\" valign=\"top\">Euro 600<\/td>\n<\/tr>\n<tr>\n<td class=\"td6\" colspan=\"6\" valign=\"top\">\n<p class=\"p4\"><b>01 - 16 ottobre 2023<\/b><\/p>\n<\/td>\n<\/tr>\n<tr>\n<td class=\"td7\" valign=\"top\">\n<p class=\"p4\"><b>Per persona in condivisione<\/b><\/p>\n<\/td>\n<td class=\"td8\" valign=\"top\">\n<p class=\"p4\">Euro 2020<\/p>\n<\/td>\n<td class=\"td9\" valign=\"top\">\n<p class=\"p4\">Euro 1850<\/p>\n<\/td>\n<td class=\"td10\" valign=\"top\">\n<p class=\"p4\">Euro 1765<\/p>\n<\/td>\n<td class=\"td8\" valign=\"top\">\n<p class=\"p4\">Euro 1715<\/p>\n<\/td>\n<td class=\"td11\" valign=\"top\">\n<p class=\"p4\">Euro 1680<\/p>\n<\/td>\n<\/tr>\n<tr>\n<td class=\"td12\" valign=\"top\">\n<p class=\"p4\"><b>SRS<\/b><\/p>\n<\/td>\n<td class=\"td13\" valign=\"top\">\n<p class=\"p4\">Euro 445<\/p>\n<\/td>\n<td class=\"td14\" valign=\"top\">\n<p class=\"p4\">Euro 445<\/p>\n<\/td>\n<td class=\"td15\" valign=\"top\">\n<p class=\"p4\">Euro 445<\/p>\n<\/td>\n<td class=\"td13\" valign=\"top\">\n<p class=\"p4\">Euro 445<\/p>\n<\/td>\n<td class=\"td16\" valign=\"top\">\n<p class=\"p4\">Euro 445<\/p>\n<\/td>\n<\/tr>\n<tr>\n<td class=\"td17\" colspan=\"6\" valign=\"top\">\n<p class=\"p4\"><b>16 - 31 ottobre 2023<\/b><\/p>\n<\/td>\n<\/tr>\n<tr>\n<td class=\"td12\" valign=\"top\">\n<p class=\"p4\"><b>Per persona in condivisione<\/b><\/p>\n<\/td>\n<td class=\"td13\" valign=\"top\">\n<p class=\"p4\">Euro 1945<\/p>\n<\/td>\n<td class=\"td14\" valign=\"top\">\n<p class=\"p4\">Euro 1775<\/p>\n<\/td>\n<td class=\"td15\" valign=\"top\">\n<p class=\"p4\">Euro 1695<\/p>\n<\/td>\n<td class=\"td13\" valign=\"top\">\n<p class=\"p4\">Euro 1640<\/p>\n<\/td>\n<td class=\"td16\" valign=\"top\">\n<p class=\"p4\">Euro 1610<\/p>\n<\/td>\n<\/tr>\n<tr>\n<td class=\"td7\" valign=\"top\">\n<p class=\"p4\"><b>SRS<\/b><\/p>\n<\/td>\n<td class=\"td8\" valign=\"top\">\n<p class=\"p4\">Euro 360<\/p>\n<\/td>\n<td class=\"td9\" valign=\"top\">\n<p class=\"p4\">Euro 360<\/p>\n<\/td>\n<td class=\"td10\" valign=\"top\">\n<p class=\"p4\">Euro 360<\/p>\n<\/td>\n<td class=\"td8\" valign=\"top\">\n<p class=\"p4\">Euro 360<\/p>\n<\/td>\n<td class=\"td11\" valign=\"top\">\n<p class=\"p4\">Euro 360<\/p>\n<\/td>\n<\/tr>\n<tr>\n<td class=\"td6\" colspan=\"6\" valign=\"top\">\n<p class=\"p4\"><b>01 novembre - 22 dicembre 2023<\/b><\/p>\n<\/td>\n<\/tr>\n<tr>\n<td class=\"td7\" valign=\"top\">\n<p class=\"p4\"><b>Per persona in condivisione<\/b><\/p>\n<\/td>\n<td class=\"td8\" valign=\"top\">\n<p class=\"p4\">Euro 1860<\/p>\n<\/td>\n<td class=\"td9\" valign=\"top\">\n<p class=\"p4\">Euro 1690<\/p>\n<\/td>\n<td class=\"td10\" valign=\"top\">\n<p class=\"p4\">Euro 1605<\/p>\n<\/td>\n<td class=\"td8\" valign=\"top\">\n<p class=\"p4\">Euro 1555<\/p>\n<\/td>\n<td class=\"td11\" valign=\"top\">\n<p class=\"p4\">Euro 1520<\/p>\n<\/td>\n<\/tr>\n<tr>\n<td class=\"td12\" valign=\"top\">\n<p class=\"p4\"><b>SRS<\/b><\/p>\n<\/td>\n<td class=\"td13\" valign=\"top\">\n<p class=\"p4\">Euro 340<\/p>\n<\/td>\n<td class=\"td14\" valign=\"top\">\n<p class=\"p4\">Euro 340<\/p>\n<\/td>\n<td class=\"td15\" valign=\"top\">\n<p class=\"p4\">Euro 340<\/p>\n<\/td>\n<td class=\"td13\" valign=\"top\">\n<p class=\"p4\">Euro 340<\/p>\n<\/td>\n<td class=\"td16\" valign=\"top\">\n<p class=\"p4\">Euro 340<\/p>\n<\/td>\n<\/tr>\n<tr>\n<td class=\"td17\" colspan=\"6\" valign=\"top\">\n<p class=\"p4\"><b>23 dicembre 2023 - 01 gennaio 2024<\/b><\/p>\n<\/td>\n<\/tr>\n<tr>\n<td class=\"td12\" valign=\"top\">\n<p class=\"p4\"><b>Per persona in condivisione<\/b><\/p>\n<\/td>\n<td class=\"td13\" valign=\"top\">\n<p class=\"p4\">Euro 2100<\/p>\n<\/td>\n<td class=\"td14\" valign=\"top\">\n<p class=\"p4\">Euro 1930<\/p>\n<\/td>\n<td class=\"td15\" valign=\"top\">\n<p class=\"p4\">Euro 1845<\/p>\n<\/td>\n<td class=\"td13\" valign=\"top\">\n<p class=\"p4\">Euro 1795<\/p>\n<\/td>\n<td class=\"td16\" valign=\"top\">\n<p class=\"p4\">Euro 1760<\/p>\n<\/td>\n<\/tr>\n<tr>\n<td class=\"td7\" valign=\"top\">\n<p class=\"p4\"><b>SRS<\/b><\/p>\n<\/td>\n<td class=\"td8\" valign=\"top\">\n<p class=\"p4\">Euro 475<\/p>\n<\/td>\n<td class=\"td9\" valign=\"top\">\n<p class=\"p4\">Euro 475<\/p>\n<\/td>\n<td class=\"td10\" valign=\"top\">\n<p class=\"p4\">Euro 475<\/p>\n<\/td>\n<td class=\"td8\" valign=\"top\">\n<p class=\"p4\">Euro 475<\/p>\n<\/td>\n<td class=\"td11\" valign=\"top\">\n<p class=\"p4\">Euro 475<\/p>\n<\/td>\n<\/tr>\n<\/tbody>\n<\/table>\n<p class=\"p4\">N\/B. Si applicano i supplementi per le vacanze di Pasqua e Natale.<\/p>\n<p>Incluso.<\/p>\n<ul>\n<li>Trasporto e fotosafari in un minivan con tetto apribile per osservare la selvaggina e scattare foto.<\/li>\n<li>Tutti i biglietti d'ingresso al parco.<\/li>\n<li>Giro in barca a Naivasha e visita a Crescent Island<\/li>\n<li>Alloggio e pasti come da itinerario.<\/li>\n<li>Pranzo d'addio al ristorante Carnivore<\/li>\n<li>Servizi di un autista-guida di lingua inglese.<\/li>\n<li>1 litro di acqua potabile in bottiglia a persona per notte<\/li>\n<li>Copertura per l'evacuazione d'emergenza dei medici volanti AMREF<\/li>\n<\/ul>\n<p>&nbsp;<\/p>\n<p>&nbsp;<\/p>\n<p>Non incluso.<\/p>\n<ul>\n<li>Articoli di natura personale, come pettini e spazzolini da denti.<\/li>\n<li>Un extra presso i lodge, ad esempio bevande, spese telefoniche, ecc.<\/li>\n<li>Mance e spese di facchinaggio.<\/li>\n<li>Visita al villaggio Masai a 20 euro<\/li>\n<li>Safari in mongolfiera a 410 euro a persona<\/li>\n<\/ul>\n<p>&nbsp;<\/p>\n<p>Nota:<\/p>\n<ul>\n<li>Le tariffe indicate sono nette e non commissionabili.<\/li>\n<li>Le tariffe sono soggette a modifiche senza preavviso.<\/li>\n<li>La conferma \u00e8 soggetta alla disponibilit\u00e0 al momento della prenotazione.<\/li>\n<li>Nel caso in cui il lodge\/hotel indicato non sia disponibile al momento della prenotazione, verr\u00e0 fornita un'alternativa di pari livello.<\/li>\n<\/ul>\n<p>&nbsp;<\/p>\n<p>&nbsp;<\/p>\n<p><strong><u>GIORNATA TIPICA DI UN SAFARI<\/u><\/strong><\/p>\n<p>Le nostre guide professionali sono a disposizione per assistervi in ogni fase del percorso.  Anche se c'\u00e8 uno schema generale del vostro safari, la vostra guida parler\u00e0 con voi dei programmi di ogni giorno.  Vi parler\u00e0 del Paese che state visitando, della sua storia, delle sue tradizioni, dell'area che state visitando, di ci\u00f2 che vedete; vi porter\u00e0 nei luoghi pi\u00f9 belli, si occuper\u00e0 di tutte le formalit\u00e0 o delle trattative con la popolazione locale e si prender\u00e0 cura della vostra sicurezza e del vostro comfort. Tutte le guide sono esperte di artigianato nel bush e possono anche raccontarvi le tradizioni locali, la fauna selvatica, identificare gli uccelli e aiutarvi a conoscere meglio il mondo che vi circonda. Tutte le nostre guide parlano inglese e la loro lingua locale e alcune parlano anche francese e spagnolo. Le giornate variano a seconda del vostro programma specifico, delle condizioni della strada e di ci\u00f2 che desiderate fare. Una giornata tipo pu\u00f2 svolgersi in questo modo:<\/p>\n<p>&nbsp;<\/p>\n<p>Ci si alza prima dell'alba, quando vengono serviti caff\u00e8 e t\u00e8 caldi.  L'aria \u00e8 fredda mentre il sole sorge e brilla sulle pianure aperte.  Questo \u00e8 il momento migliore per vedere la fauna selvatica.  La macchina fotografica \u00e8 pronta e gli indumenti sono a strati per tenervi al caldo.  Addentratevi nel bush alla ricerca di leoni, elefanti, giraffe e selvaggina di pianura.   Ogni turno offrir\u00e0 qualcosa di unico: una leonessa con i suoi cuccioli, un branco di elefanti che si sposta verso una pozza d'acqua, un ghepardo che insegue una gazzella.  Il game drive mattutino dura circa due ore, a seconda di ci\u00f2 che si vede.  Rientro al lodge per una deliziosa colazione.  Dopo la colazione c'\u00e8 tempo per rilassarsi dopo essersi alzati all'alba, oppure \u00e8 il momento di partecipare a eventuali attivit\u00e0 aggiuntive offerte dal lodge, come passeggiate, visite ai villaggi o gite in bicicletta.<\/p>\n<p>&nbsp;<\/p>\n<p>Il pranzo viene solitamente servito nel campo\/lodge, a meno che non si tratti di un'intera giornata di fotosafari, in cui \u00e8 previsto un pranzo al sacco.  Nel pomeriggio uscirete di nuovo alla ricerca delle specie speciali che vi sono sfuggite.  Al tramonto, tornate al campo per una doccia calda. Poi potrete gustare una deliziosa cena e un drink dopo cena nel salone. Si pu\u00f2 anche avere l'occasione di sedersi intorno al fuoco per scambiare storie della savana. Tutti si ritirano presto con grande attesa per l'avventura del giorno successivo!<\/p>\n<p>Nella maggior parte dei safari gli orari sono flessibili; tuttavia, in alcune localit\u00e0 sono previsti orari prestabiliti per i fotosafari o le passeggiate.  Potete sempre parlare con i gestori dei campi\/lodge per modificare gli orari e loro cercheranno di accontentarvi.  La restrizione sar\u00e0 quella di rispettare le regole del parco e i tempi di percorrenza necessari per raggiungere la destinazione.  Le vostre guide daranno sempre le loro raccomandazioni, ma sono l\u00ec per ascoltare le vostre esigenze.<\/p>","protected":false},"excerpt":{"rendered":"<p>Le nostre guide professionali sono a disposizione per assistervi in ogni fase del percorso.<\/p>","protected":false},"featured_media":5866,"comment_status":"open","ping_status":"closed","template":"","meta":[],"product_cat":[36],"product_tag":[],"class_list":["post-5848","product","type-product","status-publish","has-post-thumbnail","hentry","product_cat-exclusive-packages"],"aioseo_notices":[],"_links":{"self":[{"href":"https:\/\/stargatetravel.it\/it\/wp-json\/wp\/v2\/product\/5848","targetHints":{"allow":["GET"]}}],"collection":[{"href":"https:\/\/stargatetravel.it\/it\/wp-json\/wp\/v2\/product"}],"about":[{"href":"https:\/\/stargatetravel.it\/it\/wp-json\/wp\/v2\/types\/product"}],"replies":[{"embeddable":true,"href":"https:\/\/stargatetravel.it\/it\/wp-json\/wp\/v2\/comments?post=5848"}],"wp:featuredmedia":[{"embeddable":true,"href":"https:\/\/stargatetravel.it\/it\/wp-json\/wp\/v2\/media\/5866"}],"wp:attachment":[{"href":"https:\/\/stargatetravel.it\/it\/wp-json\/wp\/v2\/media?parent=5848"}],"wp:term":[{"taxonomy":"product_cat","embeddable":true,"href":"https:\/\/stargatetravel.it\/it\/wp-json\/wp\/v2\/product_cat?post=5848"},{"taxonomy":"product_tag","embeddable":true,"href":"https:\/\/stargatetravel.it\/it\/wp-json\/wp\/v2\/product_tag?post=5848"}],"curies":[{"name":"wp","href":"https:\/\/api.w.org\/{rel}","templated":true}]}}