{"id":5874,"date":"2022-11-25T13:56:51","date_gmt":"2022-11-25T13:56:51","guid":{"rendered":"http:\/\/stargatetravel.it\/?post_type=product&#038;p=5874"},"modified":"2023-03-12T15:20:58","modified_gmt":"2023-03-12T15:20:58","slug":"best-of-zimbabwe-wildlife-safari-8-nights-9-days","status":"publish","type":"product","link":"https:\/\/stargatetravel.it\/it\/product\/best-of-zimbabwe-wildlife-safari-8-nights-9-days\/","title":{"rendered":"Safari nella natura dello Zimbabwe - 8 notti\/9 giorni"},"content":{"rendered":"<h1>Panoramica<\/h1>\n<h2>Introduzione<\/h2>\n<p>&nbsp;<\/p>\n<table>\n<tbody>\n<tr>\n<td width=\"305\"><strong>Sistemazione<\/strong><\/td>\n<td width=\"196\"><strong>Destinazione<\/strong><\/td>\n<td width=\"120\"><strong>Base<\/strong><\/td>\n<td width=\"76\"><strong>Durata<\/strong><\/td>\n<\/tr>\n<tr>\n<td>A'Zambezi River Lodge<\/td>\n<td>Cascate Vittoria, Zimbabwe<\/td>\n<td>B&amp;B<\/td>\n<td><strong>2 notti<\/strong><\/td>\n<\/tr>\n<tr>\n<td><a href=\"https:\/\/wetu.com\/iBrochure\/15233_25926\">Capanna d'avorio<\/a><\/td>\n<td>Parco nazionale di Hwange<\/td>\n<td>FI<\/td>\n<td><strong>2 notti<\/strong><\/td>\n<\/tr>\n<tr>\n<td><a href=\"https:\/\/wetu.com\/iBrochure\/15233_24745\">Campi africani Kanga Camp<\/a><\/td>\n<td>Parco nazionale delle piscine di Mana<\/td>\n<td>FI<\/td>\n<td><strong>2 notti<\/strong><\/td>\n<\/tr>\n<tr>\n<td><a href=\"https:\/\/wetu.com\/iBrochure\/15233_34371\">Campo safari Changa<\/a><\/td>\n<td>Parco nazionale di Matusadona<\/td>\n<td>FI<\/td>\n<td><strong>2 notti<\/strong><\/td>\n<\/tr>\n<\/tbody>\n<\/table>\n<p>&nbsp;<\/p>\n<h3><strong>Chiave<\/strong><br \/>\nB&amp;B: Bed and Breakfast<br \/>\nFI: Completamente incluso - Pernottamento, tutti i pasti, tasse e attivit\u00e0<\/h3>\n<p class=\"p1\"><b>Prezzo<\/b><\/p>\n<p class=\"p4\"><b>Tariffe:<\/b><\/p>\n<table class=\"t1\" style=\"height: 343px;\" width=\"827\" cellspacing=\"0\" cellpadding=\"0\">\n<tbody>\n<tr>\n<td class=\"td1\" valign=\"top\">\n<p class=\"p5\"><b>Validit\u00e0<\/b><\/p>\n<\/td>\n<td class=\"td2\" valign=\"top\">\n<p class=\"p6\"><b>Tipo<\/b><\/p>\n<\/td>\n<td class=\"td3\" valign=\"top\">\n<p class=\"p6\"><b>Camera standard<\/b><\/p>\n<\/td>\n<\/tr>\n<tr>\n<td class=\"td4\" valign=\"middle\"><\/td>\n<td class=\"td5\" valign=\"middle\"><\/td>\n<td class=\"td6\" valign=\"middle\"><\/td>\n<\/tr>\n<tr>\n<td class=\"td7\" valign=\"middle\">\n<p class=\"p6\"><b>Media stagione: 01 aprile - 31 maggio e 01 - 30 novembre<\/b><\/p>\n<\/td>\n<td class=\"td8\" valign=\"middle\">\n<p class=\"p6\"><b>Per persona in condivisione<\/b><\/p>\n<\/td>\n<td class=\"td9\" valign=\"middle\">\n<p class=\"p6\"><b>Euro 5181<\/b><\/p>\n<\/td>\n<\/tr>\n<tr>\n<td class=\"td4\" valign=\"middle\"><\/td>\n<td class=\"td5\" valign=\"middle\">\n<p class=\"p6\"><b>Partenza singola<\/b><\/p>\n<\/td>\n<td class=\"td6\" valign=\"middle\">\n<p class=\"p6\"><b>Euro 5566<\/b><\/p>\n<\/td>\n<\/tr>\n<tr>\n<td class=\"td10\" rowspan=\"3\" valign=\"middle\">\n<p class=\"p6\"><b>Alta stagione: 01 giugno - 31 ottobre<\/b><\/p>\n<\/td>\n<td class=\"td2\" valign=\"middle\"><\/td>\n<td class=\"td3\" valign=\"middle\"><\/td>\n<\/tr>\n<tr>\n<td class=\"td5\" valign=\"middle\">\n<p class=\"p6\"><b>Per persona in condivisione<\/b><\/p>\n<\/td>\n<td class=\"td6\" valign=\"middle\">\n<p class=\"p6\"><b>Euro 5960<\/b><\/p>\n<\/td>\n<\/tr>\n<tr>\n<td class=\"td2\" valign=\"middle\">\n<p class=\"p6\"><b>Partenza singola<span class=\"Apple-converted-space\">\u00a0<\/span><\/b><\/p>\n<\/td>\n<td class=\"td3\" valign=\"middle\">\n<p class=\"p6\"><b>Euro 7245<\/b><\/p>\n<\/td>\n<\/tr>\n<\/tbody>\n<\/table>\n<p>&nbsp;<\/p>\n<p><strong><u>DATE DI PARTENZA<\/u><\/strong><\/p>\n<p>&nbsp;<\/p>\n<p>\uf0fc Non ci sono partenze prefissate.<\/p>\n<p>\uf0fc Aperto tutto l'anno secondo le date indicate.<\/p>\n<p>\uf0fc Per unirsi a un gruppo gi\u00e0 prenotato o per tariffe di gruppo, si prega di chiedere informazioni.<\/p>\n<h2><\/h2>\n<h2>Incluso<\/h2>\n<p><strong><u>2 notti Cascate Vittoria<\/u><\/strong><\/p>\n<p>Trasferimenti aeroportuali tra l'aeroporto di Victoria Falls e l'hotel.<\/p>\n<p>2 pernottamenti in una camera affacciata sul fiume al <strong>A'Zambezi River Lodge<\/strong>, compresa la prima colazione giornaliera.<\/p>\n<p>Tour guidato delle Cascate (lato Zimbabwe), compresi i trasferimenti.<\/p>\n<p>Crociera con cena sul fiume Zambesi, inclusi i trasferimenti, la cena con menu fisso e le bevande locali.<\/p>\n<p>Una cena e intrattenimento presso il Boma - Place of Eating, inclusi i trasferimenti.<\/p>\n<p>A scelta tra un safari a dorso di elefante o una passeggiata con i leoni o un volo in elicottero di 12\/13 minuti sulle cascate.<\/p>\n<p><strong><u>2 notti Parco nazionale di Hwange<\/u><\/strong><\/p>\n<p>2 notti di alloggio presso <strong>Capanna d'avorio <\/strong>con gli chalet soppalcati che si affacciano sulla pozza d'acqua illuminata. Sono incluse tutte le bevande locali, tutti i pasti, 2 attivit\u00e0 al giorno (fotosafari, passeggiate) e la lavanderia.<\/p>\n<p><strong><u>2 notti Mana Pool<\/u><\/strong><\/p>\n<p><strong>Campo Kanga<\/strong><\/p>\n<p>Sono inclusi l'alloggio, tutti i pasti, il t\u00e8, il caff\u00e8, le bevande analcoliche e le bevande alcoliche, ad eccezione dei superalcolici importati e dello champagne, due attivit\u00e0 di osservazione della selvaggina al giorno (fotosafari, bird watching, safari a piedi, canoa, pesca e Kanga sotto le stelle) e la lavanderia.<\/p>\n<p><strong><u>2 notti Matusadonha<\/u><\/strong><\/p>\n<p><strong>Campo safari Changa<\/strong><\/p>\n<p>Le tariffe comprendono: Alloggio, tutti i pasti e gli spuntini, tutte le bevande, compresi t\u00e8 e caff\u00e8, lavanderia, Wi-Fi e tutte le attivit\u00e0.<strong>.<\/strong><\/p>\n<h2>Escluso<\/h2>\n<p>Capanna d'avorio<\/p>\n<p>CWF Levy, Painted Dog Conservancy tasse d'ingresso - ingresso su donazione, trasferimenti privati (vedi tariffe sotto)<\/p>\n<p>Campo Kanga<\/p>\n<p>Il Conservation and Wildlife Fund (CWF) \/ Levy \u00e8 una tassa obbligatoria di 20 USD a persona per notte, applicabile a tutti gli ospiti che soggiornano nei nostri campi in Zimbabwe.<br \/>\nLa donazione Community Focus, pari a 25 USD a persona per prenotazione, \u00e8 volontaria e va a favore di progetti specifici su cui la Fondazione African Bush Camps sta lavorando.<\/p>\n<p>Campo safari Changa<\/p>\n<p>Tasse per i parchi nazionali, tasse di conservazione e trasferimenti.<\/p>\n<p>&nbsp;<\/p>\n<h1>Trasporto<\/h1>\n<p>&nbsp;<\/p>\n<h2>Informazioni sul volo<\/h2>\n<table>\n<tbody>\n<tr>\n<td width=\"61\"><strong>Data<\/strong><\/td>\n<td width=\"75\"><strong>Volo<\/strong><\/td>\n<td width=\"64\"><strong>Compagnia aerea<\/strong><\/td>\n<td width=\"145\"><strong>Aeroporto di partenza<\/strong><\/td>\n<td width=\"49\"><strong>Tempo<\/strong><\/td>\n<td width=\"161\"><strong>Aeroporto di arrivo<\/strong><\/td>\n<td width=\"49\"><strong>Tempo<\/strong><\/td>\n<td width=\"49\"><strong>Classe<\/strong><\/td>\n<td width=\"53\"><strong>Rif.<\/strong><\/td>\n<\/tr>\n<tr>\n<td><\/td>\n<td>Volo charter<\/td>\n<td><\/td>\n<td>Aeroporto del Parco Nazionale Hwange [HWN]<\/td>\n<td><\/td>\n<td>Campi africani Kanga Camp<\/td>\n<td><\/td>\n<td><\/td>\n<td><\/td>\n<\/tr>\n<tr>\n<td><\/td>\n<td>Volo charter<\/td>\n<td><\/td>\n<td>Campi africani Kanga Camp<\/td>\n<td><\/td>\n<td>Campo safari Changa<\/td>\n<td><\/td>\n<td><\/td>\n<td><\/td>\n<\/tr>\n<tr>\n<td><\/td>\n<td>Volo charter<\/td>\n<td><\/td>\n<td>Campo safari Changa<\/td>\n<td><\/td>\n<td>Aeroporto internazionale di Victoria Falls [VFA]<\/td>\n<td><\/td>\n<td><\/td>\n<td><\/td>\n<\/tr>\n<\/tbody>\n<\/table>\n<p>&nbsp;<\/p>\n<h2>Trasferimenti<\/h2>\n<table>\n<tbody>\n<tr>\n<td width=\"70\"><strong>Data<\/strong><\/td>\n<td width=\"80\"><strong>Azienda<\/strong><\/td>\n<td width=\"199\"><strong>Ritiro<\/strong><\/td>\n<td width=\"183\"><strong>Consegna<\/strong><\/td>\n<td width=\"71\"><strong>Tempo<\/strong><\/td>\n<td width=\"105\"><strong>Veicolo<\/strong><\/td>\n<\/tr>\n<tr>\n<td><\/td>\n<td><\/td>\n<td>Aeroporto internazionale di Victoria Falls [VFA]<\/td>\n<td>A'Zambezi River Lodge<\/td>\n<td><\/td>\n<td>Trasferimento<\/td>\n<\/tr>\n<tr>\n<td><\/td>\n<td><\/td>\n<td>A'Zambezi River Lodge<\/td>\n<td>Capanna d'avorio<\/td>\n<td><\/td>\n<td>Trasferimento<\/td>\n<\/tr>\n<tr>\n<td><\/td>\n<td><\/td>\n<td>Capanna d'avorio<\/td>\n<td>Aeroporto del Parco Nazionale Hwange [HWN]<\/td>\n<td><\/td>\n<td>Trasferimento<\/td>\n<\/tr>\n<\/tbody>\n<\/table>","protected":false},"excerpt":{"rendered":"<p>Panoramica Introduzione Sistemazione Destinazione Base Durata A'Zambezi River Lodge Victoria Falls, Zimbabwe B&amp;B 2 notti Ivory Lodge Hwange National Park FI 2 notti African Bush Camps Kanga Camp Mana Pools National Park FI 2 notti Changa Safari Camp Matusadona National Park FI 2 notti Key B&amp;B: Bed and Breakfast FI: Fully Inclusive - [...]<\/p>","protected":false},"featured_media":5873,"comment_status":"open","ping_status":"closed","template":"","meta":[],"product_cat":[36],"product_tag":[],"class_list":["post-5874","product","type-product","status-publish","has-post-thumbnail","hentry","product_cat-exclusive-packages"],"aioseo_notices":[],"_links":{"self":[{"href":"https:\/\/stargatetravel.it\/it\/wp-json\/wp\/v2\/product\/5874","targetHints":{"allow":["GET"]}}],"collection":[{"href":"https:\/\/stargatetravel.it\/it\/wp-json\/wp\/v2\/product"}],"about":[{"href":"https:\/\/stargatetravel.it\/it\/wp-json\/wp\/v2\/types\/product"}],"replies":[{"embeddable":true,"href":"https:\/\/stargatetravel.it\/it\/wp-json\/wp\/v2\/comments?post=5874"}],"wp:featuredmedia":[{"embeddable":true,"href":"https:\/\/stargatetravel.it\/it\/wp-json\/wp\/v2\/media\/5873"}],"wp:attachment":[{"href":"https:\/\/stargatetravel.it\/it\/wp-json\/wp\/v2\/media?parent=5874"}],"wp:term":[{"taxonomy":"product_cat","embeddable":true,"href":"https:\/\/stargatetravel.it\/it\/wp-json\/wp\/v2\/product_cat?post=5874"},{"taxonomy":"product_tag","embeddable":true,"href":"https:\/\/stargatetravel.it\/it\/wp-json\/wp\/v2\/product_tag?post=5874"}],"curies":[{"name":"wp","href":"https:\/\/api.w.org\/{rel}","templated":true}]}}