{"id":5901,"date":"2022-11-25T14:11:57","date_gmt":"2022-11-25T14:11:57","guid":{"rendered":"http:\/\/stargatetravel.it\/?post_type=product&#038;p=5901"},"modified":"2023-03-12T15:15:35","modified_gmt":"2023-03-12T15:15:35","slug":"13-days-best-of-zimbabwe-tour-luxury","status":"publish","type":"product","link":"https:\/\/stargatetravel.it\/it\/product\/13-days-best-of-zimbabwe-tour-luxury\/","title":{"rendered":"Tour di 13 giorni Il meglio dello Zimbabwe - Lusso"},"content":{"rendered":"<h1>Panoramica<\/h1>\n<h2>Introduzione<\/h2>\n<p>&nbsp;<\/p>\n<table style=\"height: 268px;\" width=\"853\">\n<tbody>\n<tr>\n<td width=\"305\"><strong>Sistemazione<\/strong><\/td>\n<td width=\"196\"><strong>Destinazione<\/strong><\/td>\n<td width=\"120\"><strong>Base<\/strong><\/td>\n<td width=\"76\"><strong>Durata<\/strong><\/td>\n<\/tr>\n<tr>\n<td><a href=\"https:\/\/wetu.com\/iBrochure\/15233_1152\">Albergo Victoria Falls<\/a><\/td>\n<td>Cascate Vittoria, Zimbabwe<\/td>\n<td>B&amp;B<\/td>\n<td><strong>1 notte<\/strong><\/td>\n<\/tr>\n<tr>\n<td><a href=\"https:\/\/wetu.com\/iBrochure\/15233_20708\">Il nascondiglio<\/a><\/td>\n<td>Parco nazionale di Hwange<\/td>\n<td>FI<\/td>\n<td><strong>2 notti<\/strong><\/td>\n<\/tr>\n<tr>\n<td><a href=\"https:\/\/wetu.com\/iBrochure\/15233_24839\">Rifugio Amalinda<\/a><\/td>\n<td>Parco nazionale di Matobo<\/td>\n<td>FI<\/td>\n<td><strong>2 notti<\/strong><\/td>\n<\/tr>\n<tr>\n<td>Alloggio presso la Citt\u00e0 Antica<\/td>\n<td>Rovine del Grande Zimbabwe<\/td>\n<td>D,B&amp;B<\/td>\n<td><strong>1 notte<\/strong><\/td>\n<\/tr>\n<tr>\n<td><a href=\"https:\/\/wetu.com\/iBrochure\/15233_32824\">Chilo Gorge Safari Lodge<\/a><\/td>\n<td>Parco nazionale di Gonarezhou<\/td>\n<td>FI<\/td>\n<td><strong>2 notti<\/strong><\/td>\n<\/tr>\n<tr>\n<td>Rifugio Musangano<\/td>\n<td>Altipiani orientali<\/td>\n<td>D,B&amp;B<\/td>\n<td><strong>2 notti<\/strong><\/td>\n<\/tr>\n<tr>\n<td>Villaggio turistico Troutbeck Sun<\/td>\n<td>Parco nazionale di Nyanga<\/td>\n<td>D,B&amp;B<\/td>\n<td><strong>1 notte<\/strong><\/td>\n<\/tr>\n<tr>\n<td>Albergo Meikles<\/td>\n<td>Harare<\/td>\n<td>B&amp;B<\/td>\n<td><strong>1 notte<\/strong><\/td>\n<\/tr>\n<\/tbody>\n<\/table>\n<p>&nbsp;<\/p>\n<p><strong>Chiave<\/strong><br \/>\nB&amp;B: Bed and Breakfast<br \/>\nD,B&amp;B: Cena, pernottamento e prima colazione<br \/>\nFI: Completamente incluso - Pernottamento, tutti i pasti, tasse e attivit\u00e0<\/p>\n<p class=\"p1\"><b>Prezzo<\/b><\/p>\n<table class=\"t1\" style=\"height: 352px;\" width=\"862\" cellspacing=\"0\" cellpadding=\"0\">\n<tbody>\n<tr>\n<td class=\"td1\" valign=\"top\">\n<p class=\"p4\">Validit\u00e0<\/p>\n<\/td>\n<td class=\"td2\" valign=\"top\">\n<p class=\"p5\">Tipo<\/p>\n<\/td>\n<td class=\"td3\" valign=\"top\">\n<p class=\"p5\">Camera standard<\/p>\n<\/td>\n<\/tr>\n<tr>\n<td class=\"td4\" rowspan=\"3\" valign=\"middle\">\n<p class=\"p6\">Stagione verde (gennaio - marzo, novembre e dicembre)<\/p>\n<\/td>\n<td class=\"td5\" valign=\"top\"><\/td>\n<td class=\"td6\" valign=\"top\"><\/td>\n<\/tr>\n<tr>\n<td class=\"td7\" valign=\"top\">\n<p class=\"p5\">Per persona in condivisione<\/p>\n<\/td>\n<td class=\"td8\" valign=\"top\">\n<p class=\"p5\">Euro 5975<\/p>\n<\/td>\n<\/tr>\n<tr>\n<td class=\"td5\" valign=\"top\">\n<p class=\"p5\">Partenza singola<span class=\"Apple-converted-space\">\u00a0<\/span><\/p>\n<\/td>\n<td class=\"td6\" valign=\"top\">\n<p class=\"p5\">Euro 8385<\/p>\n<\/td>\n<\/tr>\n<tr>\n<td class=\"td1\" valign=\"middle\"><\/td>\n<td class=\"td2\" valign=\"middle\"><\/td>\n<td class=\"td3\" valign=\"middle\"><\/td>\n<\/tr>\n<tr>\n<td class=\"td9\" rowspan=\"3\" valign=\"middle\">\n<p class=\"p5\">Alta stagione (aprile - ottobre)<\/p>\n<\/td>\n<td class=\"td10\" valign=\"middle\"><\/td>\n<td class=\"td11\" valign=\"middle\"><\/td>\n<\/tr>\n<tr>\n<td class=\"td2\" valign=\"middle\">\n<p class=\"p5\">Per persona in condivisione<\/p>\n<\/td>\n<td class=\"td3\" valign=\"middle\">\n<p class=\"p5\">Euro 6689<\/p>\n<\/td>\n<\/tr>\n<tr>\n<td class=\"td10\" valign=\"middle\">\n<p class=\"p5\">Partenza singola<span class=\"Apple-converted-space\">\u00a0<\/span><\/p>\n<\/td>\n<td class=\"td11\" valign=\"middle\">\n<p class=\"p5\">Euro 9635<\/p>\n<\/td>\n<\/tr>\n<\/tbody>\n<\/table>\n<h2>Incluso<\/h2>\n<p><strong>Albergo Victoria Falls<\/strong><\/p>\n<p>Alloggio, prima colazione, cena in crociera, visita guidata alle cascate<\/p>\n<p><strong>Il nascondiglio<\/strong><\/p>\n<p>Alloggio, tutti i pasti e gli spuntini, tutte le bevande, compresi t\u00e8 e caff\u00e8, lavanderia, Wi-Fi e tutte le attivit\u00e0 (fino a 4 al giorno). 15% di IVA e 2% di tassa governativa sul turismo sono inclusi.<\/p>\n<p><strong>Rifugio Amalinda<\/strong><\/p>\n<p>Alloggio, tutte le bevande, tutti i pasti, tutte le attivit\u00e0 del campo, tasse per i parchi nazionali, tasse per i monumenti, tutti i trasferimenti condivisi nel raggio di 20 km dal campo e i trasferimenti per l'arrivo e la partenza dall'aeroporto, lavanderia e Wi-Fi.<\/p>\n<p><strong>Alloggio presso la citt\u00e0 antica<\/strong><\/p>\n<p>DBB, Tour delle rovine del Grande Zimbabwe<\/p>\n<p>&nbsp;<\/p>\n<p>&nbsp;<\/p>\n<p><strong>Gola del Chilo<\/strong><\/p>\n<p>Alloggio, pasti, bevande, lavanderia, t\u00e8 e caff\u00e8, 2 attivit\u00e0 di mezza giornata (o 1 giornata intera) al giorno, 15% di IVA e 2% di tassa di soggiorno.<\/p>\n<p><strong>Musangano<\/strong><\/p>\n<p>DBB, Giardino botanico di Vumba<\/p>\n<p><strong>Locanda Troutbeck<\/strong><\/p>\n<p>DBB, pesca della trota, strutture della fossa e visita al museo<\/p>\n<p><strong>Albergo Meikles<\/strong><\/p>\n<p>Pernottamento e prima colazione<\/p>\n<p>&nbsp;<\/p>\n<h2>Escluso<\/h2>\n<p><strong>Albergo Victoria Falls<\/strong><\/p>\n<p>Pasti non specificati, bevande e tasse per il parco<\/p>\n<p><strong>Il nascondiglio<\/strong><\/p>\n<p>Tasse per i parchi nazionali, tasse di conservazione e trasferimenti<\/p>\n<p><strong>Rifugio Amalinda<\/strong><\/p>\n<p>M.A.C.L Levy, trasferimenti privati<\/p>\n<p>Alloggio presso la citt\u00e0 antica<\/p>\n<p>Bevande, pasti non specificati<\/p>\n<p><strong>Gola del Chilo<\/strong><\/p>\n<p>Parchi nazionali e tasse comunitarie, da pagare al momento della prenotazione e non commissionabili.<\/p>\n<p>Musangano<\/p>\n<p>Bevande, Pasti non specificati e attivit\u00e0 non specificate<\/p>\n<p><strong>Locanda Troutbeck<\/strong><\/p>\n<p>Bevande, Pasti non specificati e attivit\u00e0 non specificate<\/p>\n<p><strong>Albergo Meikles<\/strong><\/p>\n<p>Bevande, Pasti non specificati e attivit\u00e0 non specificate<\/p>\n<h2>Trasferimenti<\/h2>\n<table style=\"height: 374px;\" width=\"817\">\n<tbody>\n<tr>\n<td width=\"66\"><strong>Data<\/strong><\/td>\n<td width=\"78\"><strong>Azienda<\/strong><\/td>\n<td width=\"181\"><strong>Ritiro<\/strong><\/td>\n<td width=\"217\"><strong>Consegna<\/strong><\/td>\n<td width=\"66\"><strong>Tempo<\/strong><\/td>\n<td width=\"98\"><strong>Veicolo<\/strong><\/td>\n<\/tr>\n<tr>\n<td><\/td>\n<td><\/td>\n<td>Aeroporto internazionale di Victoria Falls [VFA]<\/td>\n<td>Albergo Victoria Falls<\/td>\n<td><\/td>\n<td>Trasferimento<\/td>\n<\/tr>\n<tr>\n<td><\/td>\n<td><\/td>\n<td>Albergo Victoria Falls<\/td>\n<td>Il nascondiglio<\/td>\n<td><\/td>\n<td>Trasferimento<\/td>\n<\/tr>\n<tr>\n<td><\/td>\n<td><\/td>\n<td>Il nascondiglio<\/td>\n<td>Rifugio Amalinda<\/td>\n<td><\/td>\n<td>Trasferimento<\/td>\n<\/tr>\n<tr>\n<td><\/td>\n<td><\/td>\n<td>Rifugio Amalinda<\/td>\n<td>Alloggio presso la Citt\u00e0 Antica<\/td>\n<td><\/td>\n<td>Trasferimento<\/td>\n<\/tr>\n<tr>\n<td><\/td>\n<td><\/td>\n<td>Alloggio presso la Citt\u00e0 Antica<\/td>\n<td>Chilo Gorge Safari Lodge<\/td>\n<td><\/td>\n<td>Trasferimento<\/td>\n<\/tr>\n<tr>\n<td><\/td>\n<td><\/td>\n<td>Chilo Gorge Safari Lodge<\/td>\n<td>Rifugio Musangano<\/td>\n<td><\/td>\n<td>Trasferimento<\/td>\n<\/tr>\n<tr>\n<td><\/td>\n<td><\/td>\n<td>Rifugio Musangano<\/td>\n<td>Villaggio turistico Troutbeck Sun<\/td>\n<td><\/td>\n<td>Trasferimento<\/td>\n<\/tr>\n<tr>\n<td><\/td>\n<td><\/td>\n<td>Villaggio turistico Troutbeck Sun<\/td>\n<td>Albergo Meikles<\/td>\n<td><\/td>\n<td>Trasferimento<\/td>\n<\/tr>\n<tr>\n<td><\/td>\n<td><\/td>\n<td>Albergo Meikles<\/td>\n<td>Aeroporto internazionale Robert Gabriel Mugabe [HRE]<\/td>\n<td><\/td>\n<td>Trasferimento<\/td>\n<\/tr>\n<\/tbody>\n<\/table>","protected":false},"excerpt":{"rendered":"<p>Panoramica Introduzione Sistemazione Destinazione Base Durata Victoria Falls Hotel Victoria Falls, Zimbabwe B&amp;B 1 notte The Hide Hwange National Park FI 2 notti Amalinda Lodge Matobo National Park FI 2 notti Lodge at the Ancient City Great Zimbabwe Ruins D,B&amp;B 1 notte Chilo Gorge Safari Lodge Gonarezhou National Park FI 2 notti Musangano Lodge [...]<\/p>","protected":false},"featured_media":5888,"comment_status":"open","ping_status":"closed","template":"","meta":[],"product_cat":[36,46],"product_tag":[],"class_list":["post-5901","product","type-product","status-publish","has-post-thumbnail","hentry","product_cat-exclusive-packages","product_cat-go-luxury"],"aioseo_notices":[],"_links":{"self":[{"href":"https:\/\/stargatetravel.it\/it\/wp-json\/wp\/v2\/product\/5901","targetHints":{"allow":["GET"]}}],"collection":[{"href":"https:\/\/stargatetravel.it\/it\/wp-json\/wp\/v2\/product"}],"about":[{"href":"https:\/\/stargatetravel.it\/it\/wp-json\/wp\/v2\/types\/product"}],"replies":[{"embeddable":true,"href":"https:\/\/stargatetravel.it\/it\/wp-json\/wp\/v2\/comments?post=5901"}],"wp:featuredmedia":[{"embeddable":true,"href":"https:\/\/stargatetravel.it\/it\/wp-json\/wp\/v2\/media\/5888"}],"wp:attachment":[{"href":"https:\/\/stargatetravel.it\/it\/wp-json\/wp\/v2\/media?parent=5901"}],"wp:term":[{"taxonomy":"product_cat","embeddable":true,"href":"https:\/\/stargatetravel.it\/it\/wp-json\/wp\/v2\/product_cat?post=5901"},{"taxonomy":"product_tag","embeddable":true,"href":"https:\/\/stargatetravel.it\/it\/wp-json\/wp\/v2\/product_tag?post=5901"}],"curies":[{"name":"wp","href":"https:\/\/api.w.org\/{rel}","templated":true}]}}