{"id":5911,"date":"2022-11-25T14:29:02","date_gmt":"2022-11-25T14:29:02","guid":{"rendered":"http:\/\/stargatetravel.it\/?post_type=product&#038;p=5911"},"modified":"2023-03-12T15:08:37","modified_gmt":"2023-03-12T15:08:37","slug":"general-package-for-5-days","status":"publish","type":"product","link":"https:\/\/stargatetravel.it\/it\/product\/general-package-for-5-days\/","title":{"rendered":"Pacchetto generale per 5 giorni"},"content":{"rendered":"<h2>Panoramica<\/h2>\n<p><strong>Giordania: la terra della citt\u00e0 rosa di Petra.<\/strong><\/p>\n<p>&nbsp;<\/p>\n<p>La Giordania \u00e8 una destinazione unica che offre panorami mozzafiato e misteriosi. Un panorama fisico e spirituale senza tempo di profeti, miracoli e fede umana. La Giordania \u00e8 una terra di ipnotica bellezza e di contrasti, dalla Valle del Giordano, fertile e in continua evoluzione, ai remoti canyon del deserto, immensi e immobili. I visitatori possono esplorare splendidi castelli del deserto, ammirare con stupore l'inquietante natura selvaggia del Wadi Rum o fare il bagno nelle acque riposanti del Mar Rosso. Alla ricerca dei segreti curativi del Mar Morto, con il pi\u00f9 alto contenuto di minerali e sali al mondo, una visita a Petra \u00e8 d'obbligo: \u00e8 senza dubbio il tesoro pi\u00f9 prezioso e la maggiore attrazione turistica della Giordania.<\/p>\n<p>&nbsp;<\/p>\n<p>Destinazioni principali:<\/p>\n<p>Amman, Petra, Wadi Rum, Mar Morto, Aqaba, Karak, Jerash, Ajlun, Irbid, Al-Salt, Madaba, Umm Qays, Pella, Hammamat Ma'in, Umm Al-Jimal, Iraq Al-Amir, Dana, Monte Nebo, Azraq e Shawmari.<\/p>\n<p><strong><u>Prima opzione: Hotel 3* <\/u><\/strong><\/p>\n<table width=\"0\">\n<tbody>\n<tr>\n<td width=\"131\"><strong>Numero di persone<\/strong><\/td>\n<td width=\"181\"><strong>Menu Trasporti<\/strong><\/td>\n<td width=\"140\"><strong>Prezzo\/Euro\/Persona<\/strong><\/td>\n<td width=\"142\"><strong>Prezzo\/Euro\/Persona<\/strong><\/td>\n<td width=\"123\"><strong>Prezzo\/Euro\/Persona<\/strong><\/td>\n<\/tr>\n<tr>\n<td width=\"131\"><strong>\u00a0<\/strong><\/td>\n<td width=\"181\"><\/td>\n<td width=\"140\"><strong>Basso<\/strong><\/td>\n<td width=\"142\"><strong>Alto<\/strong><\/td>\n<td width=\"123\"><strong>Picco<\/strong><\/td>\n<\/tr>\n<tr>\n<td width=\"131\">2-3 pax<\/td>\n<td width=\"181\">Auto privata : (Senza guida)<\/td>\n<td width=\"140\">648<\/td>\n<td width=\"142\">648<\/td>\n<td width=\"123\">648<\/td>\n<\/tr>\n<tr>\n<td width=\"131\">4 persone<\/td>\n<td width=\"181\">Mini Van : (Senza guida)<\/td>\n<td width=\"140\">494<\/td>\n<td width=\"142\">494<\/td>\n<td width=\"123\">494<\/td>\n<\/tr>\n<tr>\n<td width=\"131\">5 pax<\/td>\n<td width=\"181\">Mini Van<\/td>\n<td width=\"140\">554<\/td>\n<td width=\"142\">554<\/td>\n<td width=\"123\">554<\/td>\n<\/tr>\n<tr>\n<td width=\"131\">6-7 persone<\/td>\n<td width=\"181\">Furgone<\/td>\n<td width=\"140\">549<\/td>\n<td width=\"142\">549<\/td>\n<td width=\"123\">549<\/td>\n<\/tr>\n<tr>\n<td width=\"131\">8-9 persone<\/td>\n<td width=\"181\">Furgone<\/td>\n<td width=\"140\">476<\/td>\n<td width=\"142\">476<\/td>\n<td width=\"123\">476<\/td>\n<\/tr>\n<tr>\n<td width=\"131\">10-15 persone<\/td>\n<td width=\"181\">Autobus piccolo<\/td>\n<td width=\"140\">475<\/td>\n<td width=\"142\">475<\/td>\n<td width=\"123\">475<\/td>\n<\/tr>\n<tr>\n<td width=\"131\"><strong>Integratori<\/strong><\/td>\n<td width=\"181\"><\/td>\n<td width=\"140\"><\/td>\n<td width=\"142\"><\/td>\n<td width=\"123\"><\/td>\n<\/tr>\n<tr>\n<td colspan=\"2\" width=\"311\"><strong>Supplemento singola :<\/strong><\/td>\n<td width=\"140\"><strong>108<\/strong><\/td>\n<td width=\"142\"><strong>108<\/strong><\/td>\n<td width=\"123\"><strong>108<\/strong><\/td>\n<\/tr>\n<\/tbody>\n<\/table>\n<p>&nbsp;<\/p>\n<table width=\"0\">\n<tbody>\n<tr>\n<td width=\"62\"><strong>Opzione<\/strong><\/td>\n<td width=\"76\"><strong>Categoria<\/strong><\/td>\n<td width=\"194\"><strong>Hotel utilizzato ( o simile ) <\/strong><\/td>\n<td width=\"113\"><strong>Citt\u00e0<\/strong><\/td>\n<td width=\"203\"><strong>Sito web<\/strong><\/td>\n<td width=\"61\"><strong>Notti<\/strong><\/td>\n<\/tr>\n<tr>\n<td width=\"62\">1<\/td>\n<td width=\"76\">3<\/td>\n<td width=\"194\">Hotel Rum Al Waleed<\/td>\n<td width=\"113\">Amman<\/td>\n<td width=\"203\"><u>http:\/\/www.rumhotels.com\/<\/u><\/td>\n<td width=\"61\">2<\/td>\n<\/tr>\n<tr>\n<td width=\"62\"><\/td>\n<td width=\"76\">3<\/td>\n<td width=\"194\">Albergo Petra Amra Palace<\/td>\n<td width=\"113\">Petra<\/td>\n<td width=\"203\"><u>www.amrapalace.com<\/u><\/td>\n<td width=\"61\">2<\/td>\n<\/tr>\n<\/tbody>\n<\/table>\n<p>&nbsp;<\/p>\n<p><strong><u>Opzione due: hotel 4* <\/u><\/strong><\/p>\n<table width=\"0\">\n<tbody>\n<tr>\n<td width=\"133\"><strong>Numero di persone<\/strong><\/td>\n<td width=\"179\"><strong>Menu Trasporti<\/strong><\/td>\n<td width=\"134\"><strong>Prezzo\/Euro\/Persona<\/strong><\/td>\n<td width=\"145\"><strong>Prezzo\/Euro\/Persona<\/strong><\/td>\n<td width=\"119\"><strong>Prezzo\/Euro\/Persona<\/strong><\/td>\n<\/tr>\n<tr>\n<td width=\"133\"><strong>\u00a0<\/strong><\/td>\n<td width=\"179\"><\/td>\n<td width=\"134\"><strong>Basso<\/strong><\/td>\n<td width=\"145\"><strong>Alto<\/strong><\/td>\n<td width=\"119\"><strong>Picco<\/strong><\/td>\n<\/tr>\n<tr>\n<td width=\"133\">2-3 pax<\/td>\n<td width=\"179\">Auto privata : (Senza guida)<\/td>\n<td width=\"134\">765<\/td>\n<td width=\"145\">776<\/td>\n<td width=\"119\">776<\/td>\n<\/tr>\n<tr>\n<td width=\"133\">4 persone<\/td>\n<td width=\"179\">Mini Van : (Senza guida)<\/td>\n<td width=\"134\">611<\/td>\n<td width=\"145\">622<\/td>\n<td width=\"119\">622<\/td>\n<\/tr>\n<tr>\n<td width=\"133\">5 pax<\/td>\n<td width=\"179\">Mini Van<\/td>\n<td width=\"134\">670<\/td>\n<td width=\"145\">681<\/td>\n<td width=\"119\">681<\/td>\n<\/tr>\n<tr>\n<td width=\"133\">6-7 persone<\/td>\n<td width=\"179\">Furgone<\/td>\n<td width=\"134\">666<\/td>\n<td width=\"145\">677<\/td>\n<td width=\"119\">677<\/td>\n<\/tr>\n<tr>\n<td width=\"133\">8-9 persone<\/td>\n<td width=\"179\">Furgone<\/td>\n<td width=\"134\">593<\/td>\n<td width=\"145\">614<\/td>\n<td width=\"119\">614<\/td>\n<\/tr>\n<tr>\n<td width=\"133\">10-15 persone<\/td>\n<td width=\"179\">Autobus piccolo<\/td>\n<td width=\"134\">592<\/td>\n<td width=\"145\">603<\/td>\n<td width=\"119\">603<\/td>\n<\/tr>\n<tr>\n<td width=\"133\"><strong>Integratori<\/strong><\/td>\n<td width=\"179\"><\/td>\n<td width=\"134\"><\/td>\n<td width=\"145\"><\/td>\n<td width=\"119\"><\/td>\n<\/tr>\n<tr>\n<td colspan=\"2\" width=\"312\"><strong>Supplemento singola :<\/strong><\/td>\n<td width=\"134\"><strong>196<\/strong><\/td>\n<td width=\"145\"><strong>207<\/strong><\/td>\n<td width=\"119\"><strong>207<\/strong><\/td>\n<\/tr>\n<\/tbody>\n<\/table>\n<p>&nbsp;<\/p>\n<table width=\"0\">\n<tbody>\n<tr>\n<td width=\"62\"><strong>Opzione<\/strong><\/td>\n<td width=\"76\"><strong>Categoria<\/strong><\/td>\n<td width=\"212\"><strong>Hotel utilizzato ( o simile ) <\/strong><\/td>\n<td width=\"85\"><strong>Citt\u00e0<\/strong><\/td>\n<td width=\"227\"><strong>Sito web<\/strong><\/td>\n<td width=\"59\"><strong>Notti<\/strong><\/td>\n<\/tr>\n<tr>\n<td width=\"62\">2<\/td>\n<td width=\"76\">4<\/td>\n<td width=\"212\">Corp Executive Hotel Amman<\/td>\n<td width=\"85\">Amman<\/td>\n<td width=\"227\"><u>http:\/\/www.corp-amman.com\/<\/u><\/td>\n<td width=\"59\">2<\/td>\n<\/tr>\n<tr>\n<td width=\"62\"><\/td>\n<td width=\"76\">4<\/td>\n<td width=\"212\">Petra Guest House<\/td>\n<td width=\"85\">Petra<\/td>\n<td width=\"227\"><u>www.ihg.com<\/u><\/td>\n<td width=\"59\">2<\/td>\n<\/tr>\n<\/tbody>\n<\/table>\n<p>&nbsp;<\/p>\n<p><strong><u>Opzione 1: hotel 5* <\/u><\/strong><\/p>\n<table width=\"0\">\n<tbody>\n<tr>\n<td width=\"133\"><strong>Numero di persone<\/strong><\/td>\n<td width=\"180\"><strong>Menu Trasporti<\/strong><\/td>\n<td width=\"132\"><strong>Prezzo\/Euro\/Persona<\/strong><\/td>\n<td width=\"142\"><strong>Prezzo\/Euro\/Persona<\/strong><\/td>\n<td width=\"123\"><strong>Prezzo\/Euro\/Persona<\/strong><\/td>\n<\/tr>\n<tr>\n<td width=\"133\"><strong>\u00a0<\/strong><\/td>\n<td width=\"180\"><\/td>\n<td width=\"132\"><strong>Basso<\/strong><\/td>\n<td width=\"142\"><strong>Alto<\/strong><\/td>\n<td width=\"123\"><strong>Picco<\/strong><\/td>\n<\/tr>\n<tr>\n<td width=\"133\">2-3 pax<\/td>\n<td width=\"180\">Auto privata : (Senza guida)<\/td>\n<td width=\"132\">885<\/td>\n<td width=\"142\">978<\/td>\n<td width=\"123\">1006<\/td>\n<\/tr>\n<tr>\n<td width=\"133\">4 persone<\/td>\n<td width=\"180\">Mini Van : (Senza guida)<\/td>\n<td width=\"132\">738<\/td>\n<td width=\"142\">832<\/td>\n<td width=\"123\">861<\/td>\n<\/tr>\n<tr>\n<td width=\"133\">5 pax<\/td>\n<td width=\"180\">Mini Van<\/td>\n<td width=\"132\">798<\/td>\n<td width=\"142\">891<\/td>\n<td width=\"123\">920<\/td>\n<\/tr>\n<tr>\n<td width=\"133\">6-7 persone<\/td>\n<td width=\"180\">Furgone<\/td>\n<td width=\"132\">793<\/td>\n<td width=\"142\">886<\/td>\n<td width=\"123\">915<\/td>\n<\/tr>\n<tr>\n<td width=\"133\">8-9 persone<\/td>\n<td width=\"180\">Furgone<\/td>\n<td width=\"132\">720<\/td>\n<td width=\"142\">813<\/td>\n<td width=\"123\">842<\/td>\n<\/tr>\n<tr>\n<td width=\"133\">10-15 persone<\/td>\n<td width=\"180\">Autobus piccolo<\/td>\n<td width=\"132\">719<\/td>\n<td width=\"142\">812<\/td>\n<td width=\"123\">841<\/td>\n<\/tr>\n<tr>\n<td width=\"133\"><strong>Integratori<\/strong><\/td>\n<td width=\"180\"><strong>\u00a0<\/strong><\/td>\n<td width=\"132\"><strong>\u00a0<\/strong><\/td>\n<td width=\"142\"><strong>\u00a0<\/strong><\/td>\n<td width=\"123\"><strong>\u00a0<\/strong><\/td>\n<\/tr>\n<tr>\n<td colspan=\"2\" width=\"313\"><strong>Supplemento singola :<\/strong><\/td>\n<td width=\"132\"><strong>312<\/strong><\/td>\n<td width=\"142\"><strong>405<\/strong><\/td>\n<td width=\"123\"><strong>434<\/strong><\/td>\n<\/tr>\n<\/tbody>\n<\/table>\n<p>&nbsp;<\/p>\n<table width=\"0\">\n<tbody>\n<tr>\n<td width=\"62\"><strong>Opzione<\/strong><\/td>\n<td width=\"76\"><strong>Categoria<\/strong><\/td>\n<td width=\"241\"><strong>Hotel utilizzato ( o simile ) <\/strong><\/td>\n<td width=\"81\"><strong>Citt\u00e0<\/strong><\/td>\n<td width=\"208\"><strong>Sito web<\/strong><\/td>\n<td width=\"59\"><strong>Notti<\/strong><\/td>\n<\/tr>\n<tr>\n<td width=\"62\">3<\/td>\n<td width=\"76\">5<\/td>\n<td width=\"241\">Amman Intercontinental<\/td>\n<td width=\"81\">Amman<\/td>\n<td width=\"208\"><u>www.intercontinental.com<\/u><\/td>\n<td width=\"59\">2<\/td>\n<\/tr>\n<tr>\n<td width=\"62\"><\/td>\n<td width=\"76\">5<\/td>\n<td width=\"241\">Albergo Petra Movenpick<\/td>\n<td width=\"81\">Petra<\/td>\n<td width=\"208\"><u>www.moevenpick-petra.com<\/u><\/td>\n<td width=\"59\">2<\/td>\n<\/tr>\n<\/tbody>\n<\/table>\n<p><strong><u>\u00a0<\/u><\/strong><\/p>\n<p><strong><u>Le tariffe includono<\/u><\/strong><\/p>\n<ul>\n<li>Sistemazione negli hotel sopra citati su base BB.<\/li>\n<li>Trasferimenti con veicoli moderni A\/C come sopra indicato.<\/li>\n<li>Tutti i biglietti d'ingresso a tutti i siti menzionati nel programma.<\/li>\n<li>Tasse e spese di servizio incluse.<\/li>\n<li>Incontro e assistenza all'arrivo e alla partenza in aeroporto<\/li>\n<li>Guida locale a Petra per 2-3 ore per meno di 5 persone<\/li>\n<li>Guida locale a Jetash per 2 ore per meno di 5 persone<\/li>\n<li>Guida in inglese per tutti i gruppi a partire da 5 persone.<\/li>\n<li>Visto d'ingresso collettivo gratuito per tutti i gruppi, previa comunicazione di tutti i dati del passaporto prima di 10 giorni dall'arrivo per le nazionalit\u00e0 non soggette a restrizioni, con un minimo di 02 notti di soggiorno.<\/li>\n<\/ul>\n<p><strong><u>Le tariffe non comprendono<\/u><\/strong><\/p>\n<ul>\n<li>Qualsiasi altro pasto non menzionato sopra.<\/li>\n<li>Qualsiasi spesa di natura personale.<\/li>\n<li>Qualsiasi altra cosa non menzionata sopra.<\/li>\n<li>Qualsiasi tipo di suggerimento<\/li>\n<li>Qualsiasi tipo di bevanda durante i pasti<\/li>\n<li>Guida parlante inglese per gruppi di meno di 5 persone<\/li>\n<\/ul>\n<p>&nbsp;<\/p>\n<p><strong>\u00a0<\/strong><\/p>\n<table style=\"height: 390px;\" width=\"686\">\n<tbody>\n<tr>\n<td colspan=\"2\" width=\"209\"><strong><u>Stagionalit\u00e0<\/u><\/strong><\/td>\n<td width=\"255\"><\/td>\n<\/tr>\n<tr>\n<td width=\"67\"><strong>Basso<\/strong><\/td>\n<td width=\"142\">21\/05<\/td>\n<td width=\"255\">13\/06<\/td>\n<\/tr>\n<tr>\n<td width=\"67\"><strong>Alto<\/strong><\/td>\n<td width=\"142\">06\/05<\/td>\n<td width=\"255\">20\/05<\/td>\n<\/tr>\n<tr>\n<td width=\"67\"><\/td>\n<td width=\"142\">19\/06<\/td>\n<td width=\"255\">25\/06<\/td>\n<\/tr>\n<tr>\n<td width=\"67\"><\/td>\n<td width=\"142\">30\/06<\/td>\n<td width=\"255\">20\/08<\/td>\n<\/tr>\n<tr>\n<td width=\"67\"><\/td>\n<td width=\"142\">26\/08<\/td>\n<td width=\"255\">30\/08<\/td>\n<\/tr>\n<tr>\n<td width=\"67\"><\/td>\n<td width=\"142\">05\/09<\/td>\n<td width=\"255\">30\/09<\/td>\n<\/tr>\n<tr>\n<td width=\"67\"><strong>Picco<\/strong><\/td>\n<td width=\"142\">01\/04<\/td>\n<td width=\"255\">05\/05<\/td>\n<\/tr>\n<tr>\n<td width=\"67\"><\/td>\n<td width=\"142\">14\/06<\/td>\n<td width=\"255\">18\/06<\/td>\n<\/tr>\n<tr>\n<td width=\"67\"><\/td>\n<td width=\"142\">26\/06<\/td>\n<td width=\"255\">29\/06<\/td>\n<\/tr>\n<tr>\n<td width=\"67\"><\/td>\n<td width=\"142\">21\/08<\/td>\n<td width=\"255\">25\/08<\/td>\n<\/tr>\n<tr>\n<td width=\"67\"><\/td>\n<td width=\"142\">31\/08<\/td>\n<td width=\"255\">04\/09<\/td>\n<\/tr>\n<tr>\n<td width=\"67\"><\/td>\n<td width=\"142\">01\/10<\/td>\n<td width=\"255\">31\/10<\/td>\n<\/tr>\n<\/tbody>\n<\/table>","protected":false},"excerpt":{"rendered":"<p>La Giordania \u00e8 una destinazione unica che offre panorami mozzafiato e misteriosi.<\/p>","protected":false},"featured_media":5915,"comment_status":"open","ping_status":"closed","template":"","meta":[],"product_cat":[72,36,52],"product_tag":[],"class_list":["post-5911","product","type-product","status-publish","has-post-thumbnail","hentry","product_cat-team-building","product_cat-exclusive-packages","product_cat-enchanting-desert"],"aioseo_notices":[],"_links":{"self":[{"href":"https:\/\/stargatetravel.it\/it\/wp-json\/wp\/v2\/product\/5911","targetHints":{"allow":["GET"]}}],"collection":[{"href":"https:\/\/stargatetravel.it\/it\/wp-json\/wp\/v2\/product"}],"about":[{"href":"https:\/\/stargatetravel.it\/it\/wp-json\/wp\/v2\/types\/product"}],"replies":[{"embeddable":true,"href":"https:\/\/stargatetravel.it\/it\/wp-json\/wp\/v2\/comments?post=5911"}],"wp:featuredmedia":[{"embeddable":true,"href":"https:\/\/stargatetravel.it\/it\/wp-json\/wp\/v2\/media\/5915"}],"wp:attachment":[{"href":"https:\/\/stargatetravel.it\/it\/wp-json\/wp\/v2\/media?parent=5911"}],"wp:term":[{"taxonomy":"product_cat","embeddable":true,"href":"https:\/\/stargatetravel.it\/it\/wp-json\/wp\/v2\/product_cat?post=5911"},{"taxonomy":"product_tag","embeddable":true,"href":"https:\/\/stargatetravel.it\/it\/wp-json\/wp\/v2\/product_tag?post=5911"}],"curies":[{"name":"wp","href":"https:\/\/api.w.org\/{rel}","templated":true}]}}