{"id":5920,"date":"2022-11-25T14:34:49","date_gmt":"2022-11-25T14:34:49","guid":{"rendered":"http:\/\/stargatetravel.it\/?post_type=product&#038;p=5920"},"modified":"2023-03-12T15:00:30","modified_gmt":"2023-03-12T15:00:30","slug":"general-package-for-7-days","status":"publish","type":"product","link":"https:\/\/stargatetravel.it\/it\/product\/general-package-for-7-days\/","title":{"rendered":"Pacchetto generale per 7 giorni"},"content":{"rendered":"<h2>Panoramica<\/h2>\n<p><strong>Giordania: la terra della citt\u00e0 rosa di Petra.<\/strong><\/p>\n<p>&nbsp;<\/p>\n<p>La Giordania \u00e8 una destinazione unica che offre panorami mozzafiato e misteriosi. Un panorama fisico e spirituale senza tempo di profeti, miracoli e fede umana. La Giordania \u00e8 una terra di ipnotica bellezza e di contrasti, dalla Valle del Giordano, fertile e in continua evoluzione, ai remoti canyon del deserto, immensi e immobili. I visitatori possono esplorare splendidi castelli del deserto, ammirare con stupore l'inquietante natura selvaggia del Wadi Rum o fare il bagno nelle acque riposanti del Mar Rosso. Alla ricerca dei segreti curativi del Mar Morto, con il pi\u00f9 alto contenuto di minerali e sali al mondo, una visita a Petra \u00e8 d'obbligo: \u00e8 senza dubbio il tesoro pi\u00f9 prezioso e la maggiore attrazione turistica della Giordania.<\/p>\n<p>&nbsp;<\/p>\n<p>Destinazioni principali:<\/p>\n<p>Amman, Petra, Wadi Rum, Mar Morto, Aqaba, Karak, Jerash, Ajlun, Irbid, Al-Salt, Madaba, Umm Qays, Pella, Hammamat Ma'in, Umm Al-Jimal, Iraq Al-Amir, Dana, Monte Nebo, Azraq e Shawmari.<\/p>\n<p><strong><u>Prima opzione: Hotel 3* <\/u><\/strong><\/p>\n<table width=\"0\">\n<tbody>\n<tr>\n<td width=\"131\"><strong>Numero di persone<\/strong><\/td>\n<td width=\"181\"><strong>Menu Trasporti<\/strong><\/td>\n<td width=\"140\"><strong>Prezzo\/Euro\/Persona<\/strong><\/p>\n<p>&nbsp;<\/td>\n<td width=\"142\"><strong>Prezzo\/Euro\/Persona<\/strong><\/td>\n<td width=\"123\"><strong>Prezzo\/Euro\/Persona<\/strong><\/td>\n<\/tr>\n<tr>\n<td width=\"131\"><strong>\u00a0<\/strong><\/td>\n<td width=\"181\"><\/td>\n<td width=\"140\"><strong>Basso<\/strong><\/td>\n<td width=\"142\"><strong>Alto<\/strong><\/td>\n<td width=\"123\"><strong>Picco<\/strong><\/td>\n<\/tr>\n<tr>\n<td width=\"131\">2-3 pax<\/td>\n<td width=\"181\">Auto privata : (Senza guida)<\/td>\n<td width=\"140\">930<\/td>\n<td width=\"142\">940<\/td>\n<td width=\"123\">950<\/td>\n<\/tr>\n<tr>\n<td width=\"131\">4 persone<\/td>\n<td width=\"181\">Mini Van : (Senza guida)<\/td>\n<td width=\"140\">752<\/td>\n<td width=\"142\">763<\/td>\n<td width=\"123\">774<\/td>\n<\/tr>\n<tr>\n<td width=\"131\">5 pax<\/td>\n<td width=\"181\">Mini Van<\/td>\n<td width=\"140\">843<\/td>\n<td width=\"142\">854<\/td>\n<td width=\"123\">865<\/td>\n<\/tr>\n<tr>\n<td width=\"131\">6-7 persone<\/td>\n<td width=\"181\">Furgone<\/td>\n<td width=\"140\">818<\/td>\n<td width=\"142\">830<\/td>\n<td width=\"123\">840<\/td>\n<\/tr>\n<tr>\n<td width=\"131\">8-9 persone<\/td>\n<td width=\"181\">Furgone<\/td>\n<td width=\"140\">714<\/td>\n<td width=\"142\">730<\/td>\n<td width=\"123\">736<\/td>\n<\/tr>\n<tr>\n<td width=\"131\">10-15 persone<\/td>\n<td width=\"181\">Autobus piccolo<\/td>\n<td width=\"140\">712<\/td>\n<td width=\"142\">728<\/td>\n<td width=\"123\">734<\/td>\n<\/tr>\n<tr>\n<td width=\"131\"><strong>Integratori<\/strong><\/td>\n<td width=\"181\"><\/td>\n<td width=\"140\"><\/td>\n<td width=\"142\"><\/td>\n<td width=\"123\"><\/td>\n<\/tr>\n<tr>\n<td colspan=\"2\" width=\"311\"><strong>Supplemento singola :<\/strong><\/td>\n<td width=\"140\"><strong>210<\/strong><\/td>\n<td width=\"142\"><strong>210<\/strong><\/td>\n<td width=\"123\"><strong>210<\/strong><\/td>\n<\/tr>\n<\/tbody>\n<\/table>\n<p>&nbsp;<\/p>\n<table width=\"0\">\n<tbody>\n<tr>\n<td width=\"62\"><strong>Opzione<\/strong><\/td>\n<td width=\"76\"><strong>Categoria<\/strong><\/td>\n<td width=\"194\"><strong>Hotel utilizzato ( o simile ) <\/strong><\/td>\n<td width=\"113\"><strong>Citt\u00e0<\/strong><\/td>\n<td width=\"203\"><strong>Sito web<\/strong><\/td>\n<td width=\"61\"><strong>Notti<\/strong><\/td>\n<\/tr>\n<tr>\n<td width=\"62\">1<\/td>\n<td width=\"76\"><\/td>\n<td width=\"194\">Campo di Rahayeb<\/td>\n<td width=\"113\">Wadi Rum<\/td>\n<td width=\"203\"><u>www.rahayebcamp.com<\/u><\/td>\n<td width=\"61\">1<\/td>\n<\/tr>\n<tr>\n<td width=\"62\"><\/td>\n<td width=\"76\">3<\/td>\n<td width=\"194\">Hotel Rum Al Waleed<\/td>\n<td width=\"113\">Amman<\/td>\n<td width=\"203\"><u>http:\/\/www.rumhotels.com\/<\/u><\/td>\n<td width=\"61\">2<\/td>\n<\/tr>\n<tr>\n<td width=\"62\"><\/td>\n<td width=\"76\">3<\/td>\n<td width=\"194\">Albergo Petra Amra Palace<\/td>\n<td width=\"113\">Petra<\/td>\n<td width=\"203\"><u>www.amrapalace.com<\/u><\/td>\n<td width=\"61\">2<\/td>\n<\/tr>\n<tr>\n<td width=\"62\"><\/td>\n<td width=\"76\">4<\/td>\n<td width=\"194\">Hotel SPA del Mar Morto<\/td>\n<td width=\"113\">Mar Morto<\/td>\n<td width=\"203\"><u>www.jordandeadsea.com<\/u><\/td>\n<td width=\"61\">1<\/td>\n<\/tr>\n<\/tbody>\n<\/table>\n<p>&nbsp;<\/p>\n<p><strong><u>Opzione due: hotel 4* <\/u><\/strong><\/p>\n<table width=\"0\">\n<tbody>\n<tr>\n<td width=\"133\"><strong>Numero di persone<\/strong><\/td>\n<td width=\"179\"><strong>Menu Trasporti<\/strong><\/td>\n<td width=\"134\"><strong>Prezzo\/Euro\/Persona<\/strong><\/td>\n<td width=\"145\"><strong>Prezzo\/Euro\/Persona<\/strong><\/td>\n<td width=\"119\"><strong>Prezzo\/Euro\/Persona<\/strong><\/td>\n<\/tr>\n<tr>\n<td width=\"133\"><strong>\u00a0<\/strong><\/td>\n<td width=\"179\"><\/td>\n<td width=\"134\"><strong>Basso<\/strong><\/td>\n<td width=\"145\"><strong>Alto<\/strong><\/td>\n<td width=\"119\"><strong>Picco<\/strong><\/td>\n<\/tr>\n<tr>\n<td width=\"133\">2-3 pax<\/td>\n<td width=\"179\">Auto privata : (Senza guida)<\/td>\n<td width=\"134\">1050<\/td>\n<td width=\"145\">1,117<\/td>\n<td width=\"119\">1,128<\/td>\n<\/tr>\n<tr>\n<td width=\"133\">4 persone<\/td>\n<td width=\"179\">Mini Van : (Senza guida)<\/td>\n<td width=\"134\">868<\/td>\n<td width=\"145\">900<\/td>\n<td width=\"119\">915<\/td>\n<\/tr>\n<tr>\n<td width=\"133\">5 pax<\/td>\n<td width=\"179\">Mini Van<\/td>\n<td width=\"134\">960<\/td>\n<td width=\"145\">992<\/td>\n<td width=\"119\">1000<\/td>\n<\/tr>\n<tr>\n<td width=\"133\">6-7 persone<\/td>\n<td width=\"179\">Furgone<\/td>\n<td width=\"134\">934<\/td>\n<td width=\"145\">966<\/td>\n<td width=\"119\">977<\/td>\n<\/tr>\n<tr>\n<td width=\"133\">8-9 persone<\/td>\n<td width=\"179\">Furgone<\/td>\n<td width=\"134\">831<\/td>\n<td width=\"145\">863<\/td>\n<td width=\"119\">874<\/td>\n<\/tr>\n<tr>\n<td width=\"133\">10-15 persone<\/td>\n<td width=\"179\">Autobus piccolo<\/td>\n<td width=\"134\">829<\/td>\n<td width=\"145\">861<\/td>\n<td width=\"119\">872<\/td>\n<\/tr>\n<tr>\n<td width=\"133\"><strong>Integratori<\/strong><\/td>\n<td width=\"179\"><\/td>\n<td width=\"134\"><\/td>\n<td width=\"145\"><\/td>\n<td width=\"119\"><\/td>\n<\/tr>\n<tr>\n<td colspan=\"2\" width=\"312\"><strong>Supplemento singola :<\/strong><\/td>\n<td width=\"134\"><strong>300<\/strong><\/td>\n<td width=\"145\"><strong>320<\/strong><\/td>\n<td width=\"119\"><strong>350<\/strong><\/td>\n<\/tr>\n<\/tbody>\n<\/table>\n<p>&nbsp;<\/p>\n<table width=\"0\">\n<tbody>\n<tr>\n<td width=\"62\"><strong>Opzione<\/strong><\/td>\n<td width=\"76\"><strong>Categoria<\/strong><\/td>\n<td width=\"212\"><strong>Hotel utilizzato ( o simile ) <\/strong><\/td>\n<td width=\"85\"><strong>Citt\u00e0<\/strong><\/td>\n<td width=\"227\"><strong>Sito web<\/strong><\/td>\n<td width=\"59\"><strong>Notti<\/strong><\/td>\n<\/tr>\n<tr>\n<td width=\"62\">2<\/td>\n<td width=\"76\">4<\/td>\n<td width=\"212\">Corp Executive Hotel Amman<\/td>\n<td width=\"85\">Amman<\/td>\n<td width=\"227\"><u>http:\/\/www.corp-amman.com\/<\/u><\/td>\n<td width=\"59\">2<\/td>\n<\/tr>\n<tr>\n<td width=\"62\"><\/td>\n<td width=\"76\"><\/td>\n<td width=\"212\">Campo di Rahayeb<\/td>\n<td width=\"85\">Wadi Rum<\/td>\n<td width=\"227\"><u>www.rahayebcamp.com<\/u><\/td>\n<td width=\"59\">1<\/td>\n<\/tr>\n<tr>\n<td width=\"62\"><\/td>\n<td width=\"76\">4<\/td>\n<td width=\"212\">Petra Guest House<\/td>\n<td width=\"85\">Petra<\/td>\n<td width=\"227\"><u>www.ihg.com<\/u><\/td>\n<td width=\"59\">2<\/td>\n<\/tr>\n<tr>\n<td width=\"62\"><\/td>\n<td width=\"76\">4<\/td>\n<td width=\"212\">Hotel SPA del Mar Morto<\/td>\n<td width=\"85\">Mar Morto<\/td>\n<td width=\"227\"><u>www.jordandeadsea.com<\/u><\/td>\n<td width=\"59\">1<\/td>\n<\/tr>\n<\/tbody>\n<\/table>\n<p>&nbsp;<\/p>\n<p><strong><u>Opzione 1: hotel 5* <\/u><\/strong><\/p>\n<table width=\"0\">\n<tbody>\n<tr>\n<td width=\"133\"><strong>Numero di persone<\/strong><\/td>\n<td width=\"180\"><strong>Menu Trasporti<\/strong><\/td>\n<td width=\"132\"><strong>Prezzo\/Euro\/Persona<\/strong><\/td>\n<td width=\"142\"><strong>Prezzo\/Euro\/Persona<\/strong><\/td>\n<td width=\"123\"><strong>Prezzo\/Euro\/Persona<\/strong><\/td>\n<\/tr>\n<tr>\n<td width=\"133\"><strong>\u00a0<\/strong><\/td>\n<td width=\"180\"><\/td>\n<td width=\"132\"><strong>Basso<\/strong><\/td>\n<td width=\"142\"><strong>Alto<\/strong><\/td>\n<td width=\"123\"><strong>Picco<\/strong><\/td>\n<\/tr>\n<tr>\n<td width=\"133\">2-3 pax<\/td>\n<td width=\"180\">Auto privata : (Senza guida)<\/td>\n<td width=\"132\">1,245<\/td>\n<td width=\"142\">1,464<\/td>\n<td width=\"123\">1,524<\/td>\n<\/tr>\n<tr>\n<td width=\"133\">4 persone<\/td>\n<td width=\"180\">Mini Van : (Senza guida)<\/td>\n<td width=\"132\">1069<\/td>\n<td width=\"142\">1,288<\/td>\n<td width=\"123\">1,347<\/td>\n<\/tr>\n<tr>\n<td width=\"133\">5 pax<\/td>\n<td width=\"180\">Mini Van<\/td>\n<td width=\"132\">1,160<\/td>\n<td width=\"142\">1,379<\/td>\n<td width=\"123\">1,439<\/td>\n<\/tr>\n<tr>\n<td width=\"133\">6-7 persone<\/td>\n<td width=\"180\">Furgone<\/td>\n<td width=\"132\">1,134<\/td>\n<td width=\"142\">1,354<\/td>\n<td width=\"123\">1,413<\/td>\n<\/tr>\n<tr>\n<td width=\"133\">8-9 persone<\/td>\n<td width=\"180\">Furgone<\/td>\n<td width=\"132\">1031<\/td>\n<td width=\"142\">1,250<\/td>\n<td width=\"123\">1,310<\/td>\n<\/tr>\n<tr>\n<td width=\"133\">10-15 persone<\/td>\n<td width=\"180\">Autobus piccolo<\/td>\n<td width=\"132\">1029<\/td>\n<td width=\"142\">1,248<\/td>\n<td width=\"123\">1,308<\/td>\n<\/tr>\n<tr>\n<td width=\"133\"><strong>Integratori<\/strong><\/td>\n<td width=\"180\"><strong>\u00a0<\/strong><\/td>\n<td width=\"132\"><strong>\u00a0<\/strong><\/td>\n<td width=\"142\"><strong>\u00a0<\/strong><\/td>\n<td width=\"123\"><strong>\u00a0<\/strong><\/td>\n<\/tr>\n<tr>\n<td colspan=\"2\" width=\"313\"><strong>Supplemento singola :<\/strong><\/td>\n<td width=\"132\"><strong>450<\/strong><\/td>\n<td width=\"142\"><strong>550<\/strong><\/td>\n<td width=\"123\"><strong>610<\/strong><\/td>\n<\/tr>\n<\/tbody>\n<\/table>\n<p>&nbsp;<\/p>\n<table width=\"0\">\n<tbody>\n<tr>\n<td width=\"62\"><strong>Opzione<\/strong><\/td>\n<td width=\"81\"><strong>Categoria<\/strong><\/td>\n<td width=\"236\"><strong>Hotel utilizzato ( o simile ) <\/strong><\/td>\n<td width=\"85\"><strong>Citt\u00e0<\/strong><\/td>\n<td width=\"198\"><strong>Sito web<\/strong><\/td>\n<td width=\"59\"><strong>Notti<\/strong><\/td>\n<\/tr>\n<tr>\n<td width=\"62\">3<\/td>\n<td width=\"81\"><\/td>\n<td width=\"236\">Campo di Rahayeb<\/td>\n<td width=\"85\">Wadi Rum<\/td>\n<td width=\"198\"><u>www.rahayebcamp.com<\/u><\/td>\n<td width=\"59\">1<\/td>\n<\/tr>\n<tr>\n<td width=\"62\"><\/td>\n<td width=\"81\">5<\/td>\n<td width=\"236\">Amman Intercontinental<\/td>\n<td width=\"85\">Amman<\/td>\n<td width=\"198\"><u>www.intercontinental.com<\/u><\/td>\n<td width=\"59\">2<\/td>\n<\/tr>\n<tr>\n<td width=\"62\"><\/td>\n<td width=\"81\">5<\/td>\n<td width=\"236\">Albergo Petra Movenpick<\/td>\n<td width=\"85\">Petra<\/td>\n<td width=\"198\"><u>www.moevenpick-petra.com<\/u><\/td>\n<td width=\"59\">2<\/td>\n<\/tr>\n<tr>\n<td width=\"62\"><\/td>\n<td width=\"81\">5<\/td>\n<td width=\"236\">Albergo Movenpick Resort Mar Morto<\/td>\n<td width=\"85\">Mar Morto<\/td>\n<td width=\"198\"><u>www.moevenpick-deadsea.com<\/u><\/td>\n<td width=\"59\">1<\/td>\n<\/tr>\n<\/tbody>\n<\/table>\n<p><strong><u>\u00a0<\/u><\/strong><\/p>\n<p><strong><u>Le tariffe includono<\/u><\/strong><\/p>\n<ul>\n<li>Sistemazione negli hotel sopra citati su base BB, tranne che nel Wadi Rum su base HB.<\/li>\n<li>Trasferimenti con veicoli moderni A\/C come sopra indicato.<\/li>\n<li>Tutti i biglietti d'ingresso a tutti i siti menzionati nel programma.<\/li>\n<li>Giro in jeep beduina per 2 ore nel Wadi Rum<\/li>\n<li>Tasse e spese di servizio incluse.<\/li>\n<li>Incontro e assistenza all'arrivo e alla partenza in aeroporto<\/li>\n<li>Guida locale a Petra per 2-3 ore per meno di 5 persone<\/li>\n<li>Guida locale a Jetash per 2 ore per meno di 5 persone<\/li>\n<li>Guida in inglese per tutti i gruppi a partire da 5 persone.<\/li>\n<li>Visto d'ingresso collettivo gratuito per tutti i gruppi, previa comunicazione di tutti i dati del passaporto prima di 10 giorni dall'arrivo per le nazionalit\u00e0 non soggette a restrizioni, con un minimo di 02 notti di soggiorno.<\/li>\n<\/ul>\n<p><strong><u>Le tariffe non comprendono<\/u><\/strong><\/p>\n<ul>\n<li>Qualsiasi altro pasto non menzionato sopra.<\/li>\n<li>Qualsiasi spesa di natura personale.<\/li>\n<li>Qualsiasi altra cosa non menzionata sopra.<\/li>\n<li>Qualsiasi tipo di suggerimento<\/li>\n<li>Qualsiasi tipo di bevanda durante i pasti<\/li>\n<li>Guida parlante inglese per gruppi di meno di 5 persone<\/li>\n<\/ul>\n<p>&nbsp;<\/p>\n<p><strong>\u00a0<\/strong><\/p>\n<table style=\"height: 369px;\" width=\"676\">\n<tbody>\n<tr>\n<td colspan=\"2\" width=\"209\"><strong><u>Stagionalit\u00e0<\/u><\/strong><\/td>\n<td width=\"255\"><\/td>\n<\/tr>\n<tr>\n<td width=\"67\"><strong>Basso<\/strong><\/td>\n<td width=\"142\">21\/05<\/td>\n<td width=\"255\">13\/06<\/td>\n<\/tr>\n<tr>\n<td width=\"67\"><strong>Alto<\/strong><\/td>\n<td width=\"142\">06\/05<\/td>\n<td width=\"255\">20\/05<\/td>\n<\/tr>\n<tr>\n<td width=\"67\"><\/td>\n<td width=\"142\">19\/06<\/td>\n<td width=\"255\">25\/06<\/td>\n<\/tr>\n<tr>\n<td width=\"67\"><\/td>\n<td width=\"142\">30\/06<\/td>\n<td width=\"255\">20\/08<\/td>\n<\/tr>\n<tr>\n<td width=\"67\"><\/td>\n<td width=\"142\">26\/08<\/td>\n<td width=\"255\">30\/08<\/td>\n<\/tr>\n<tr>\n<td width=\"67\"><\/td>\n<td width=\"142\">05\/09<\/td>\n<td width=\"255\">30\/09<\/td>\n<\/tr>\n<tr>\n<td width=\"67\"><strong>Picco<\/strong><\/td>\n<td width=\"142\">01\/04<\/td>\n<td width=\"255\">05\/05<\/td>\n<\/tr>\n<tr>\n<td width=\"67\"><\/td>\n<td width=\"142\">14\/06<\/td>\n<td width=\"255\">18\/06<\/td>\n<\/tr>\n<tr>\n<td width=\"67\"><\/td>\n<td width=\"142\">26\/06<\/td>\n<td width=\"255\">29\/06<\/td>\n<\/tr>\n<tr>\n<td width=\"67\"><\/td>\n<td width=\"142\">21\/08<\/td>\n<td width=\"255\">25\/08<\/td>\n<\/tr>\n<tr>\n<td width=\"67\"><\/td>\n<td width=\"142\">31\/08<\/td>\n<td width=\"255\">04\/09<\/td>\n<\/tr>\n<tr>\n<td width=\"67\"><\/td>\n<td width=\"142\">01\/10<\/td>\n<td width=\"255\">31\/10<\/td>\n<\/tr>\n<\/tbody>\n<\/table>","protected":false},"excerpt":{"rendered":"<p>La Giordania \u00e8 una destinazione unica che offre panorami mozzafiato e misteriosi.<\/p>","protected":false},"featured_media":5928,"comment_status":"open","ping_status":"closed","template":"","meta":[],"product_cat":[72,36,52],"product_tag":[],"class_list":["post-5920","product","type-product","status-publish","has-post-thumbnail","hentry","product_cat-team-building","product_cat-exclusive-packages","product_cat-enchanting-desert"],"aioseo_notices":[],"_links":{"self":[{"href":"https:\/\/stargatetravel.it\/it\/wp-json\/wp\/v2\/product\/5920","targetHints":{"allow":["GET"]}}],"collection":[{"href":"https:\/\/stargatetravel.it\/it\/wp-json\/wp\/v2\/product"}],"about":[{"href":"https:\/\/stargatetravel.it\/it\/wp-json\/wp\/v2\/types\/product"}],"replies":[{"embeddable":true,"href":"https:\/\/stargatetravel.it\/it\/wp-json\/wp\/v2\/comments?post=5920"}],"wp:featuredmedia":[{"embeddable":true,"href":"https:\/\/stargatetravel.it\/it\/wp-json\/wp\/v2\/media\/5928"}],"wp:attachment":[{"href":"https:\/\/stargatetravel.it\/it\/wp-json\/wp\/v2\/media?parent=5920"}],"wp:term":[{"taxonomy":"product_cat","embeddable":true,"href":"https:\/\/stargatetravel.it\/it\/wp-json\/wp\/v2\/product_cat?post=5920"},{"taxonomy":"product_tag","embeddable":true,"href":"https:\/\/stargatetravel.it\/it\/wp-json\/wp\/v2\/product_tag?post=5920"}],"curies":[{"name":"wp","href":"https:\/\/api.w.org\/{rel}","templated":true}]}}