{"id":6800,"date":"2024-06-09T13:20:06","date_gmt":"2024-06-09T13:20:06","guid":{"rendered":"https:\/\/stargatetravel.it\/?post_type=product&#038;p=6800"},"modified":"2024-06-14T12:50:48","modified_gmt":"2024-06-14T12:50:48","slug":"hurghada-fort-arabesque-resort-spa-villas","status":"publish","type":"product","link":"https:\/\/stargatetravel.it\/it\/product\/hurghada-fort-arabesque-resort-spa-villas\/","title":{"rendered":"Hurghada, Fort Arabesque Resort, Spa e Ville"},"content":{"rendered":"<p>&nbsp;<\/p>\n<p><br style=\"font-weight: 400;\" \/>A circa 30 km dall'aeroporto di Hurghada e a 200 km da quello di Marsa Alam, a 35 km dalla citt\u00e0 di Hurghada. Si affaccia sulla spettacolare baia di Makadi; la spiaggia sabbiosa digrada direttamente in mare garantendo un ingresso in acqua facile e sicuro. Le bellissime formazioni coralline a banchi, a circa 30 m dalla riva, costituiscono l'attrattiva principale per lo snorkeling. Numerose piscine, alcune riscaldate in inverno, una riservata agli adulti e due per bambini. Ombrelloni, lettini e teli mare sia in piscina che in spiaggia.<\/p>","protected":false},"excerpt":{"rendered":"<p>Cosa \u00e8 incluso<\/p>\n<p>Voli Da Bologna (Blq)\u00a0<br \/>\nBagagli inclusi<br \/>\nTrasferimenti inclusi<br \/>\nFormula Tutto Incluso<br \/>\nPernottamento<br \/>\nAssicurazione Annullamento E Bagaglio<br \/>\nVisto Turistico<br \/>\nIl Fort Arabesque \u00e8 il resort che da molti anni attrae e conquista chi desidera vivere una vacanza a contatto con il fascino del Mar Rosso. La bellezza senza pari della baia, la facilit\u00e0 di nuotare in una sorta di acquario, con panorami subacquei incredibili, l'esclusivit\u00e0 del servizio e la cortesia del personale fanno s\u00ec che gli ospiti che trascorrono una vacanza in questo resort scelgano spesso di ritornarvi per farsi coccolare.<\/p>","protected":false},"featured_media":6801,"comment_status":"open","ping_status":"closed","template":"","meta":[],"product_cat":[46],"product_tag":[],"class_list":["post-6800","product","type-product","status-publish","has-post-thumbnail","hentry","product_cat-go-luxury"],"aioseo_notices":[],"_links":{"self":[{"href":"https:\/\/stargatetravel.it\/it\/wp-json\/wp\/v2\/product\/6800","targetHints":{"allow":["GET"]}}],"collection":[{"href":"https:\/\/stargatetravel.it\/it\/wp-json\/wp\/v2\/product"}],"about":[{"href":"https:\/\/stargatetravel.it\/it\/wp-json\/wp\/v2\/types\/product"}],"replies":[{"embeddable":true,"href":"https:\/\/stargatetravel.it\/it\/wp-json\/wp\/v2\/comments?post=6800"}],"wp:featuredmedia":[{"embeddable":true,"href":"https:\/\/stargatetravel.it\/it\/wp-json\/wp\/v2\/media\/6801"}],"wp:attachment":[{"href":"https:\/\/stargatetravel.it\/it\/wp-json\/wp\/v2\/media?parent=6800"}],"wp:term":[{"taxonomy":"product_cat","embeddable":true,"href":"https:\/\/stargatetravel.it\/it\/wp-json\/wp\/v2\/product_cat?post=6800"},{"taxonomy":"product_tag","embeddable":true,"href":"https:\/\/stargatetravel.it\/it\/wp-json\/wp\/v2\/product_tag?post=6800"}],"curies":[{"name":"wp","href":"https:\/\/api.w.org\/{rel}","templated":true}]}}